{"id":15467,"date":"2024-10-25T07:46:21","date_gmt":"2024-10-25T07:46:21","guid":{"rendered":"https:\/\/demo.bravisthemes.com\/graviton\/?page_id=15467"},"modified":"2025-10-11T19:03:19","modified_gmt":"2025-10-11T19:03:19","slug":"pocetna","status":"publish","type":"page","link":"https:\/\/www.elmont.ba\/en\/","title":{"rendered":"Home"},"content":{"rendered":"<div data-elementor-type=\"wp-page\" data-elementor-id=\"15467\" class=\"elementor elementor-15467\">\n\t\t\t\t        <section class=\"elementor-section elementor-top-section elementor-element elementor-element-1ba54d5 elementor-section-full_width elementor-section-stretched elementor-section-height-default elementor-section-height-default pxl-row-scroll-none pxl-zoom-point-false pxl-section-overflow-visible pxl-section-fix-none pxl-full-content-with-space-none pxl-bg-color-none pxl-section-overlay-none\" data-id=\"1ba54d5\" data-element_type=\"section\" data-settings=\"{&quot;stretch_section&quot;:&quot;section-stretched&quot;}\">\n\n                \n                <div class=\"elementor-container elementor-column-gap-no\">\n                <div class=\"elementor-column elementor-col-100 elementor-top-column elementor-element elementor-element-880edc8 pxl-column-none pxl-column-overflow-hidden-no\" data-id=\"880edc8\" data-element_type=\"column\">\r\n        <div class=\"elementor-widget-wrap elementor-element-populated\">\r\n                     \r\n        \t\t<div class=\"elementor-element elementor-element-deca75a elementor-widget elementor-widget-slider_revolution\" data-id=\"deca75a\" data-element_type=\"widget\" data-widget_type=\"slider_revolution.default\">\n\t\t\t\t<div class=\"elementor-widget-container\">\n\t\t\t\t\t\n\t\t<div class=\"wp-block-themepunch-revslider\">\n\t\t\t\t<p class=\"rs-p-wp-fix\"><\/p>\n\t\t\t\t<sr7-module data-alias=\"slider-2-1\" data-id=\"2\" id=\"SR7_2_1\" class=\"rs-ov-hidden\" data-version=\"6.7.23\">\n\t\t\t\t\t<sr7-adjuster><\/sr7-adjuster>\n\t\t\t\t\t<sr7-content>\n\t\t\t\t\t\t<sr7-slide id=\"SR7_2_1-3\" data-key=\"3\">\n\t\t\t\t\t\t\t<sr7-bg id=\"SR7_2_1-3-3\" class=\"sr7-layer\"><noscript><img decoding=\"async\" src=\"https:\/\/www.elmont.ba\/wp-content\/uploads\/2025\/10\/slajder-1-min.png\" alt=\"\" title=\"slajder-1-min\"><\/noscript><\/sr7-bg>\n\t\t\t\t\t\t\t<sr7-txt id=\"SR7_2_1-3-1\" class=\"sr7-layer\">Our team consists of experienced electricians and engineers with extensive knowledge and practical experience in the field of electrical power and communication systems.<br>We implement each project with maximum precision, respecting the highest standards of safety and quality.<\/sr7-txt>\n\t\t\t\t\t\t\t<sr7-txt id=\"SR7_2_1-3-2\" class=\"sr7-layer\">Professional and qualified workers<\/sr7-txt>\n\t\t\t\t\t\t<\/sr7-slide>\n\t\t\t\t\t\t<sr7-slide id=\"SR7_2_1-27\" data-key=\"27\">\n\t\t\t\t\t\t\t<sr7-bg id=\"SR7_2_1-27-3\" class=\"sr7-layer\"><noscript><img decoding=\"async\" src=\"https:\/\/www.elmont.ba\/wp-content\/uploads\/2025\/10\/slajder-2-min.png\" alt=\"\" title=\"slajder-2-min\"><\/noscript><\/sr7-bg>\n\t\t\t\t\t\t\t<sr7-txt id=\"SR7_2_1-27-1\" class=\"sr7-layer\">We specialize in the design, construction and maintenance of electrical power and communication systems.<br>Our expertise and reliability make us a trusted partner in every phase of implementation.<\/sr7-txt>\n\t\t\t\t\t\t\t<sr7-txt id=\"SR7_2_1-27-2\" class=\"sr7-layer\">Solutions that drive energy<\/sr7-txt>\n\t\t\t\t\t\t<\/sr7-slide>\n\t\t\t\t\t\t<sr7-slide id=\"SR7_2_1-28\" data-key=\"28\">\n\t\t\t\t\t\t\t<sr7-bg id=\"SR7_2_1-28-3\" class=\"sr7-layer\"><noscript><img decoding=\"async\" src=\"https:\/\/www.elmont.ba\/wp-content\/uploads\/2025\/10\/slajder-3-min.png\" alt=\"\" title=\"slajder-3-min\"><\/noscript><\/sr7-bg>\n\t\t\t\t\t\t\t<sr7-txt id=\"SR7_2_1-28-1\" class=\"sr7-layer\">Our goal is to provide services according to professional standards and technical solutions,<br> which bring security and savings to clients.<\/sr7-txt>\n\t\t\t\t\t\t\t<sr7-txt id=\"SR7_2_1-28-2\" class=\"sr7-layer\">Quality and safety<\/sr7-txt>\n\t\t\t\t\t\t<\/sr7-slide>\n\t\t\t\t\t\t<sr7-slide id=\"SR7_2_1-20\" data-key=\"20\">\n\t\t\t\t\t\t<\/sr7-slide>\n\t\t\t\t\t<\/sr7-content>\n\t\t\t\t\t<image_lists style=\"display:none\">\n\t\t\t\t\t\t<img data-src=\"\/\/www.elmont.ba\/wp-content\/uploads\/2025\/10\/slajder-1-min.png\" data-libid=\"17198\" data-lib=\"medialibrary\" title=\"slajder-1-min\" width=\"0\" height=\"0\" data-dbsrc=\"Ly93d3cuZWxtb250LmJhL3dwLWNvbnRlbnQvdXBsb2Fkcy8yMDI1LzEwL3NsYWpkZXItMS1taW4ucG5n\"\/>\n\t\t\t\t\t\t<img data-src=\"\/\/www.elmont.ba\/wp-content\/uploads\/2025\/10\/slajder-2-min.png\" data-libid=\"17199\" data-lib=\"medialibrary\" title=\"slajder-2-min\" width=\"0\" height=\"0\" data-dbsrc=\"Ly93d3cuZWxtb250LmJhL3dwLWNvbnRlbnQvdXBsb2Fkcy8yMDI1LzEwL3NsYWpkZXItMi1taW4ucG5n\"\/>\n\t\t\t\t\t\t<img data-src=\"\/\/www.elmont.ba\/wp-content\/uploads\/2025\/10\/slajder-3-min.png\" data-libid=\"17200\" data-lib=\"medialibrary\" title=\"slajder-3-min\" width=\"0\" height=\"0\" data-dbsrc=\"Ly93d3cuZWxtb250LmJhL3dwLWNvbnRlbnQvdXBsb2Fkcy8yMDI1LzEwL3NsYWpkZXItMy1taW4ucG5n\"\/>\n\t\t\t\t\t<\/image_lists>\n\t\t\t\t<\/sr7-module>\n\t\t\t\t<script>\n\t\t\t\t\tSR7.PMH ??={}; SR7.PMH[\"SR7_2_1\"] = {cn:100,state:false,fn: function() { if (_tpt!==undefined && _tpt.prepareModuleHeight !== undefined) {  _tpt.prepareModuleHeight({id:\"SR7_2_1\",el:[800,800,683,683,800],type:'standard',shdw:'0',gh:[800,800,683,683,800],gw:[1200,1200,1200,777,480],vpt:['-100px&#039;,&#039;-100px&#039;,&#039;-100px&#039;,&#039;-100px&#039;,&#039;-100px'],size:{fullWidth:true, fullHeight:false},mh:'0',onh:0,onw:0,bg:{color:'{\"orig\":\"transparent\",\"type\":\"solid\",\"string\":\"transparent\"}'}});   SR7.PMH[\"SR7_2_1\"].state=true;} else if(SR7.PMH[\"SR7_2_1\"].cn-->0)\tsetTimeout( SR7.PMH[\"SR7_2_1\"].fn,19);}};SR7.PMH[\"SR7_2_1\" ].fn();\n\t\t\t\t<\/script>\n<\/div>\n\n\t\t\t\t\t\t<\/div>\n\t\t\t\t<\/div>\n\t\t            <\/div>\r\n        <\/div>\r\n        \t\t\t<\/div>\n\t\t<\/section>\n\t\t        <section class=\"elementor-section elementor-top-section elementor-element elementor-element-db9a424 elementor-section-stretched elementor-section-boxed elementor-section-height-default elementor-section-height-default pxl-row-scroll-none pxl-zoom-point-false pxl-section-overflow-visible pxl-section-fix-none pxl-bg-color-none pxl-section-overlay-none\" data-id=\"db9a424\" data-element_type=\"section\" data-settings=\"{&quot;stretch_section&quot;:&quot;section-stretched&quot;}\">\n\n                \n                <div class=\"elementor-container elementor-column-gap-extended\">\n                <div class=\"elementor-column elementor-col-100 elementor-top-column elementor-element elementor-element-db18fed pxl-column-none pxl-column-overflow-hidden-no\" data-id=\"db18fed\" data-element_type=\"column\">\r\n        <div class=\"elementor-widget-wrap elementor-element-populated\">\r\n                     \r\n        \t\t<div class=\"elementor-element elementor-element-213c275 elementor-widget elementor-widget-pxl_text_slip\" data-id=\"213c275\" data-element_type=\"widget\" data-widget_type=\"pxl_text_slip.default\">\n\t\t\t\t<div class=\"elementor-widget-container\">\n\t\t\t\t\t\t<div class=\"pxl-text-slip pxl-text-slip1 pxl-slide-to-left ic-no\" data-wow-delay=\"ms\">\n\t\t<div class=\"pxl-item--container\">\n\t\t\t<div class=\"pxl-item--inner\" style=\"animation-duration:15000ms\">\n\t\t\t\t\t\t\t\t\t\t\t\t\t<h3 class=\"pxl-item--text\">\t\t\t\t\t\n\t\t\t\t\t<span class=\"pxl-text-backdrop\">Safety first<\/span>\n\t\t\t\t\t<\/h3>\n\t\t\t\t\t\t\t\t\t<h3 class=\"pxl-item--text\">\t\t\t\t\t\n\t\t\t\t\t<span class=\"pxl-text-backdrop\">Expertise and experience<\/span>\n\t\t\t\t\t<\/h3>\n\t\t\t\t\t\t\t\t\t<h3 class=\"pxl-item--text\">\t\t\t\t\t\n\t\t\t\t\t<span class=\"pxl-text-backdrop\">Smart and efficient solutions<\/span>\n\t\t\t\t\t<\/h3>\n\t\t\t\t\t\t\t\t\t<h3 class=\"pxl-item--text\">\t\t\t\t\t\n\t\t\t\t\t<span class=\"pxl-text-backdrop\">Safety first<\/span>\n\t\t\t\t\t<\/h3>\n\t\t\t\t\t\t\t\t\t<h3 class=\"pxl-item--text\">\t\t\t\t\t\n\t\t\t\t\t<span class=\"pxl-text-backdrop\">Expertise and experience<\/span>\n\t\t\t\t\t<\/h3>\n\t\t\t\t\t\t\t\t\t<h3 class=\"pxl-item--text\">\t\t\t\t\t\n\t\t\t\t\t<span class=\"pxl-text-backdrop\">Smart and efficient solutions<\/span>\n\t\t\t\t\t<\/h3>\n\t\t\t\t\t\t\t\t\t<h3 class=\"pxl-item--text\">\t\t\t\t\t\n\t\t\t\t\t<span class=\"pxl-text-backdrop\">Safety first<\/span>\n\t\t\t\t\t<\/h3>\n\t\t\t\t\t\t\t\t\t<h3 class=\"pxl-item--text\">\t\t\t\t\t\n\t\t\t\t\t<span class=\"pxl-text-backdrop\">Expertise and experience<\/span>\n\t\t\t\t\t<\/h3>\n\t\t\t\t\t\t\t\t\t<h3 class=\"pxl-item--text\">\t\t\t\t\t\n\t\t\t\t\t<span class=\"pxl-text-backdrop\">Smart and efficient solutions<\/span>\n\t\t\t\t\t<\/h3>\n\t\t\t\t\t\t\t\t\t<h3 class=\"pxl-item--text\">\t\t\t\t\t\n\t\t\t\t\t<span class=\"pxl-text-backdrop\">Safety first<\/span>\n\t\t\t\t\t<\/h3>\n\t\t\t\t\t\t\t\t\t<h3 class=\"pxl-item--text\">\t\t\t\t\t\n\t\t\t\t\t<span class=\"pxl-text-backdrop\">Expertise and experience<\/span>\n\t\t\t\t\t<\/h3>\n\t\t\t\t\t\t\t\t\t<h3 class=\"pxl-item--text\">\t\t\t\t\t\n\t\t\t\t\t<span class=\"pxl-text-backdrop\">Smart and efficient solutions<\/span>\n\t\t\t\t\t<\/h3>\n\t\t\t\t\t\t\t\t\t<h3 class=\"pxl-item--text\">\t\t\t\t\t\n\t\t\t\t\t<span class=\"pxl-text-backdrop\">Safety first<\/span>\n\t\t\t\t\t<\/h3>\n\t\t\t\t\t\t\t\t\t<h3 class=\"pxl-item--text\">\t\t\t\t\t\n\t\t\t\t\t<span class=\"pxl-text-backdrop\">Expertise and experience<\/span>\n\t\t\t\t\t<\/h3>\n\t\t\t\t\t\t\t\t\t<h3 class=\"pxl-item--text\">\t\t\t\t\t\n\t\t\t\t\t<span class=\"pxl-text-backdrop\">Smart and efficient solutions<\/span>\n\t\t\t\t\t<\/h3>\n\t\t\t\t\t\t\t\t\t<\/div>\n\t<\/div>\n<\/div>\n\t\t\t\t<\/div>\n\t\t\t\t<\/div>\n\t\t            <\/div>\r\n        <\/div>\r\n        \t\t\t<\/div>\n\t\t<\/section>\n\t\t\t\t<\/div>","protected":false},"excerpt":{"rendered":"<p>Sigurnost na prvom mjestu Stru\u010dnost i iskustvo Pametna i efikasna rje\u0161enja Sigurnost na prvom mjestu Stru\u010dnost i iskustvo Pametna i efikasna rje\u0161enja Sigurnost na prvom mjestu Stru\u010dnost i iskustvo Pametna i efikasna rje\u0161enja Sigurnost na prvom mjestu Stru\u010dnost i iskustvo Pametna i efikasna rje\u0161enja Sigurnost na prvom mjestu Stru\u010dnost i iskustvo Pametna i efikasna rje\u0161enja<\/p>","protected":false},"author":1,"featured_media":0,"parent":0,"menu_order":0,"comment_status":"closed","ping_status":"closed","template":"","meta":{"footnotes":""},"class_list":["post-15467","page","type-page","status-publish","hentry"],"yoast_head":"<!-- This site is optimized with the Yoast SEO plugin v26.2 - https:\/\/yoast.com\/wordpress\/plugins\/seo\/ -->\n<title>Elmont - Pouzdana elektro rje\u0161enja za svaki projekat<\/title>\n<meta name=\"description\" content=\"Kompanija sa tradicijom dugom preko 25 godina, specijalizovana za projektovanje, izgradnju i odr\u017eavanje elektroenergetskih i komunikacionih instalacija.\" \/>\n<meta name=\"robots\" content=\"index, follow, max-snippet:-1, max-image-preview:large, max-video-preview:-1\" \/>\n<link rel=\"canonical\" href=\"https:\/\/www.elmont.ba\/en\/\" \/>\n<meta property=\"og:locale\" content=\"en_US\" \/>\n<meta property=\"og:type\" content=\"article\" \/>\n<meta property=\"og:title\" content=\"Elmont - Pouzdana elektro rje\u0161enja za svaki projekat\" \/>\n<meta property=\"og:description\" content=\"Kompanija sa tradicijom dugom preko 25 godina, specijalizovana za projektovanje, izgradnju i odr\u017eavanje elektro i komunikacionih instalacija.\" \/>\n<meta property=\"og:url\" content=\"https:\/\/www.elmont.ba\/en\/\" \/>\n<meta property=\"og:site_name\" content=\"Elmont\" \/>\n<meta property=\"article:publisher\" content=\"https:\/\/www.facebook.com\/elmontdoo.elmont\/\" \/>\n<meta property=\"article:modified_time\" content=\"2025-10-11T19:03:19+00:00\" \/>\n<meta property=\"og:image\" content=\"https:\/\/www.elmont.ba\/wp-content\/uploads\/2025\/10\/Screenshot-2025-10-11-204711.jpg\" \/>\n\t<meta property=\"og:image:width\" content=\"1920\" \/>\n\t<meta property=\"og:image:height\" content=\"1046\" \/>\n\t<meta property=\"og:image:type\" content=\"image\/jpeg\" \/>\n<meta name=\"twitter:card\" content=\"summary_large_image\" \/>\n<meta name=\"twitter:label1\" content=\"Est. reading time\" \/>\n\t<meta name=\"twitter:data1\" content=\"1 minute\" \/>\n<script type=\"application\/ld+json\" class=\"yoast-schema-graph\">{\"@context\":\"https:\/\/schema.org\",\"@graph\":[{\"@type\":\"WebPage\",\"@id\":\"https:\/\/www.elmont.ba\/\",\"url\":\"https:\/\/www.elmont.ba\/\",\"name\":\"Elmont - Pouzdana elektro rje\u0161enja za svaki projekat\",\"isPartOf\":{\"@id\":\"https:\/\/www.elmont.ba\/#website\"},\"datePublished\":\"2024-10-25T07:46:21+00:00\",\"dateModified\":\"2025-10-11T19:03:19+00:00\",\"description\":\"Kompanija sa tradicijom dugom preko 25 godina, specijalizovana za projektovanje, izgradnju i odr\u017eavanje elektroenergetskih i komunikacionih instalacija.\",\"breadcrumb\":{\"@id\":\"https:\/\/www.elmont.ba\/#breadcrumb\"},\"inLanguage\":\"en-US\",\"potentialAction\":[{\"@type\":\"ReadAction\",\"target\":[\"https:\/\/www.elmont.ba\/\"]}]},{\"@type\":\"BreadcrumbList\",\"@id\":\"https:\/\/www.elmont.ba\/#breadcrumb\",\"itemListElement\":[{\"@type\":\"ListItem\",\"position\":1,\"name\":\"Home\",\"item\":\"https:\/\/www.elmont.ba\/\"},{\"@type\":\"ListItem\",\"position\":2,\"name\":\"Po\u010detna\"}]},{\"@type\":\"WebSite\",\"@id\":\"https:\/\/www.elmont.ba\/#website\",\"url\":\"https:\/\/www.elmont.ba\/\",\"name\":\"Elmont\",\"description\":\"Pouzdana elektro rje\u0161enja za svaki projekat\",\"publisher\":{\"@id\":\"https:\/\/www.elmont.ba\/#organization\"},\"potentialAction\":[{\"@type\":\"SearchAction\",\"target\":{\"@type\":\"EntryPoint\",\"urlTemplate\":\"https:\/\/www.elmont.ba\/?s={search_term_string}\"},\"query-input\":{\"@type\":\"PropertyValueSpecification\",\"valueRequired\":true,\"valueName\":\"search_term_string\"}}],\"inLanguage\":\"en-US\"},{\"@type\":\"Organization\",\"@id\":\"https:\/\/www.elmont.ba\/#organization\",\"name\":\"Elmont\",\"url\":\"https:\/\/www.elmont.ba\/\",\"logo\":{\"@type\":\"ImageObject\",\"inLanguage\":\"en-US\",\"@id\":\"https:\/\/www.elmont.ba\/#\/schema\/logo\/image\/\",\"url\":\"https:\/\/www.elmont.ba\/wp-content\/uploads\/2024\/10\/Asset-3.png\",\"contentUrl\":\"https:\/\/www.elmont.ba\/wp-content\/uploads\/2024\/10\/Asset-3.png\",\"width\":1013,\"height\":211,\"caption\":\"Elmont\"},\"image\":{\"@id\":\"https:\/\/www.elmont.ba\/#\/schema\/logo\/image\/\"},\"sameAs\":[\"https:\/\/www.facebook.com\/elmontdoo.elmont\/\"]}]}<\/script>\n<!-- \/ Yoast SEO plugin. -->","yoast_head_json":{"title":"Elmont - Pouzdana elektro rje\u0161enja za svaki projekat","description":"A company with a tradition of over 25 years, specialized in the design, construction and maintenance of electrical and communication installations.","robots":{"index":"index","follow":"follow","max-snippet":"max-snippet:-1","max-image-preview":"max-image-preview:large","max-video-preview":"max-video-preview:-1"},"canonical":"https:\/\/www.elmont.ba\/en\/","og_locale":"en_US","og_type":"article","og_title":"Elmont - Pouzdana elektro rje\u0161enja za svaki projekat","og_description":"Kompanija sa tradicijom dugom preko 25 godina, specijalizovana za projektovanje, izgradnju i odr\u017eavanje elektro i komunikacionih instalacija.","og_url":"https:\/\/www.elmont.ba\/en\/","og_site_name":"Elmont","article_publisher":"https:\/\/www.facebook.com\/elmontdoo.elmont\/","article_modified_time":"2025-10-11T19:03:19+00:00","og_image":[{"width":1920,"height":1046,"url":"https:\/\/www.elmont.ba\/wp-content\/uploads\/2025\/10\/Screenshot-2025-10-11-204711.jpg","type":"image\/jpeg"}],"twitter_card":"summary_large_image","twitter_misc":{"Est. reading time":"1 minute"},"schema":{"@context":"https:\/\/schema.org","@graph":[{"@type":"WebPage","@id":"https:\/\/www.elmont.ba\/","url":"https:\/\/www.elmont.ba\/","name":"Elmont - Pouzdana elektro rje\u0161enja za svaki projekat","isPartOf":{"@id":"https:\/\/www.elmont.ba\/#website"},"datePublished":"2024-10-25T07:46:21+00:00","dateModified":"2025-10-11T19:03:19+00:00","description":"A company with a tradition of over 25 years, specialized in the design, construction and maintenance of electrical and communication installations.","breadcrumb":{"@id":"https:\/\/www.elmont.ba\/#breadcrumb"},"inLanguage":"en-US","potentialAction":[{"@type":"ReadAction","target":["https:\/\/www.elmont.ba\/"]}]},{"@type":"BreadcrumbList","@id":"https:\/\/www.elmont.ba\/#breadcrumb","itemListElement":[{"@type":"ListItem","position":1,"name":"Home","item":"https:\/\/www.elmont.ba\/"},{"@type":"ListItem","position":2,"name":"Po\u010detna"}]},{"@type":"WebSite","@id":"https:\/\/www.elmont.ba\/#website","url":"https:\/\/www.elmont.ba\/","name":"Elmont","description":"Pouzdana elektro rje\u0161enja za svaki projekat","publisher":{"@id":"https:\/\/www.elmont.ba\/#organization"},"potentialAction":[{"@type":"SearchAction","target":{"@type":"EntryPoint","urlTemplate":"https:\/\/www.elmont.ba\/?s={search_term_string}"},"query-input":{"@type":"PropertyValueSpecification","valueRequired":true,"valueName":"search_term_string"}}],"inLanguage":"en-US"},{"@type":"Organization","@id":"https:\/\/www.elmont.ba\/#organization","name":"Elmont","url":"https:\/\/www.elmont.ba\/","logo":{"@type":"ImageObject","inLanguage":"en-US","@id":"https:\/\/www.elmont.ba\/#\/schema\/logo\/image\/","url":"https:\/\/www.elmont.ba\/wp-content\/uploads\/2024\/10\/Asset-3.png","contentUrl":"https:\/\/www.elmont.ba\/wp-content\/uploads\/2024\/10\/Asset-3.png","width":1013,"height":211,"caption":"Elmont"},"image":{"@id":"https:\/\/www.elmont.ba\/#\/schema\/logo\/image\/"},"sameAs":["https:\/\/www.facebook.com\/elmontdoo.elmont\/"]}]}},"_links":{"self":[{"href":"https:\/\/www.elmont.ba\/en\/wp-json\/wp\/v2\/pages\/15467","targetHints":{"allow":["GET"]}}],"collection":[{"href":"https:\/\/www.elmont.ba\/en\/wp-json\/wp\/v2\/pages"}],"about":[{"href":"https:\/\/www.elmont.ba\/en\/wp-json\/wp\/v2\/types\/page"}],"author":[{"embeddable":true,"href":"https:\/\/www.elmont.ba\/en\/wp-json\/wp\/v2\/users\/1"}],"replies":[{"embeddable":true,"href":"https:\/\/www.elmont.ba\/en\/wp-json\/wp\/v2\/comments?post=15467"}],"version-history":[{"count":313,"href":"https:\/\/www.elmont.ba\/en\/wp-json\/wp\/v2\/pages\/15467\/revisions"}],"predecessor-version":[{"id":17496,"href":"https:\/\/www.elmont.ba\/en\/wp-json\/wp\/v2\/pages\/15467\/revisions\/17496"}],"wp:attachment":[{"href":"https:\/\/www.elmont.ba\/en\/wp-json\/wp\/v2\/media?parent=15467"}],"curies":[{"name":"wp","href":"https:\/\/api.w.org\/{rel}","templated":true}]}}