{"id":16488,"date":"2025-01-16T00:06:35","date_gmt":"2025-01-16T00:06:35","guid":{"rendered":"https:\/\/www.elmont.ba\/?page_id=16488"},"modified":"2025-10-11T19:06:39","modified_gmt":"2025-10-11T19:06:39","slug":"nase-usluge","status":"publish","type":"page","link":"https:\/\/www.elmont.ba\/en\/nase-usluge\/","title":{"rendered":"Services"},"content":{"rendered":"<div data-elementor-type=\"wp-page\" data-elementor-id=\"16488\" class=\"elementor elementor-16488\">\n\t\t\t\t        <section class=\"elementor-section elementor-top-section elementor-element elementor-element-d93dc5b elementor-section-stretched elementor-section-boxed elementor-section-height-default elementor-section-height-default pxl-row-scroll-none pxl-zoom-point-false pxl-section-overflow-visible pxl-section-fix-none pxl-bg-color-none pxl-section-overlay-none\" data-id=\"d93dc5b\" data-element_type=\"section\" data-settings=\"{&quot;stretch_section&quot;:&quot;section-stretched&quot;,&quot;background_background&quot;:&quot;classic&quot;}\">\n\n                \n                <div class=\"elementor-container elementor-column-gap-extended\">\n                <div class=\"elementor-column elementor-col-100 elementor-top-column elementor-element elementor-element-5f0dce3 pxl-column-none pxl-column-overflow-hidden-no\" data-id=\"5f0dce3\" data-element_type=\"column\">\r\n        <div class=\"elementor-widget-wrap elementor-element-populated\">\r\n                     \r\n        \t\t<div class=\"elementor-element elementor-element-d40df9e elementor-widget elementor-widget-pxl_heading\" data-id=\"d40df9e\" data-element_type=\"widget\" data-widget_type=\"pxl_heading.default\">\n\t\t\t\t<div class=\"elementor-widget-container\">\n\t\t\t\t\t\n<div id=\"pxl-pxl_heading-d40df9e-2917\" class=\"pxl-heading px-sub-title-dot-2-style\">\n\t<div class=\"pxl-heading--inner\">\n\t\t\n\t\t\t<h3 class=\"pxl-item--title style-default highlight-default\" data-wow-delay=\"ms\">\n\t\t\t\t\t\t\tWhat do we do?\t\n\t\t\t\t\n\t\t<\/h3>\n\t<\/div>\n<\/div> \t\t\t\t<\/div>\n\t\t\t\t<\/div>\n\t\t\t\t<div class=\"elementor-element elementor-element-ef8ab08 elementor-widget elementor-widget-pxl_text_editor\" data-id=\"ef8ab08\" data-element_type=\"widget\" data-widget_type=\"pxl_text_editor.default\">\n\t\t\t\t<div class=\"elementor-widget-container\">\n\t\t\t\t\t<div class=\"pxl-text-editor\">\n\t<div class=\"pxl-item--inner\" data-wow-delay=\"ms\">\n\t\t<p><span style=\"font-weight: 400\">We believe that high-quality and precise electrical installations form the foundation of every modern facility. Our services include complete solutions in the field of electrical power and communication systems.<\/span><\/p>\t\t\n\t<\/div>\n<\/div>\t\t\t\t<\/div>\n\t\t\t\t<\/div>\n\t\t        <section class=\"elementor-section elementor-inner-section elementor-element elementor-element-dd319fc elementor-section-boxed elementor-section-height-default elementor-section-height-default pxl-row-scroll-none pxl-zoom-point-false pxl-section-overflow-visible pxl-section-fix-none pxl-bg-color-none pxl-section-overlay-none\" data-id=\"dd319fc\" data-element_type=\"section\">\n\n                \n                <div class=\"elementor-container elementor-column-gap-no\">\n                <div class=\"elementor-column elementor-col-50 elementor-inner-column elementor-element elementor-element-35e43a0 pxl-column-none pxl-column-overflow-hidden-no\" data-id=\"35e43a0\" data-element_type=\"column\">\r\n        <div class=\"elementor-widget-wrap elementor-element-populated\">\r\n                     \r\n        \t\t<div class=\"elementor-element elementor-element-a86c788 elementor-widget__width-initial elementor-widget-tablet_extra__width-inherit elementor-widget elementor-widget-pxl_icon_box\" data-id=\"a86c788\" data-element_type=\"widget\" data-widget_type=\"pxl_icon_box.default\">\n\t\t\t\t<div class=\"elementor-widget-container\">\n\t\t\t\t\t<div class=\"pxl-icon-box pxl-icon-box1 style-3 ani3\" data-wow-delay=\"ms\">\r\n    <div class=\"pxl-item--inner\">\r\n        \r\n                            <div class=\"pxl-item--icon\">\r\n                                    <i aria-hidden=\"true\" class=\"flaticon flaticon-building\"><\/i>                                <\/div>\r\n                        <div class=\"pxl-item--meta\">\r\n            <h5 class=\"pxl-item--title el-empty\">\r\n                        Substations with associated transmission lines up to 35kV, inspection and testing                        <\/h5>\r\n            <div class=\"pxl-item--description el-empty\">Construction and maintenance of transformer stations up to 35 kV in compliance with the highest safety and technical standards.<\/div>\r\n        <\/div>\r\n    <\/div>\r\n<\/div>\t\t\t\t<\/div>\n\t\t\t\t<\/div>\n\t\t            <\/div>\r\n        <\/div>\r\n                <div class=\"elementor-column elementor-col-50 elementor-inner-column elementor-element elementor-element-9dcfbe0 pxl-column-none pxl-column-overflow-hidden-no\" data-id=\"9dcfbe0\" data-element_type=\"column\">\r\n        <div class=\"elementor-widget-wrap elementor-element-populated\">\r\n                     \r\n        \t\t<div class=\"elementor-element elementor-element-e2945e1 elementor-widget__width-initial elementor-widget-tablet_extra__width-inherit elementor-widget elementor-widget-pxl_icon_box\" data-id=\"e2945e1\" data-element_type=\"widget\" data-widget_type=\"pxl_icon_box.default\">\n\t\t\t\t<div class=\"elementor-widget-container\">\n\t\t\t\t\t<div class=\"pxl-icon-box pxl-icon-box1 style-3 ani3\" data-wow-delay=\"ms\">\r\n    <div class=\"pxl-item--inner\">\r\n        \r\n                            <div class=\"pxl-item--icon\">\r\n                                    <i aria-hidden=\"true\" class=\"flaticon flaticon-urban-planning\"><\/i>                                <\/div>\r\n                        <div class=\"pxl-item--meta\">\r\n            <h5 class=\"pxl-item--title el-empty\">\r\n                        Low-voltage overhead and underground networks                        <\/h5>\r\n            <div class=\"pxl-item--description el-empty\">Complete service for construction, connection and maintenance of low-voltage and medium-voltage transmission lines.<\/div>\r\n        <\/div>\r\n    <\/div>\r\n<\/div>\t\t\t\t<\/div>\n\t\t\t\t<\/div>\n\t\t            <\/div>\r\n        <\/div>\r\n        \t\t\t<\/div>\n\t\t<\/section>\n\t\t        <section class=\"elementor-section elementor-inner-section elementor-element elementor-element-0a9ba06 elementor-section-boxed elementor-section-height-default elementor-section-height-default pxl-row-scroll-none pxl-zoom-point-false pxl-section-overflow-visible pxl-section-fix-none pxl-bg-color-none pxl-section-overlay-none\" data-id=\"0a9ba06\" data-element_type=\"section\">\n\n                \n                <div class=\"elementor-container elementor-column-gap-no\">\n                <div class=\"elementor-column elementor-col-50 elementor-inner-column elementor-element elementor-element-9ec9f06 pxl-column-none pxl-column-overflow-hidden-no\" data-id=\"9ec9f06\" data-element_type=\"column\">\r\n        <div class=\"elementor-widget-wrap elementor-element-populated\">\r\n                     \r\n        \t\t<div class=\"elementor-element elementor-element-696c86c elementor-widget__width-initial elementor-widget-tablet_extra__width-inherit elementor-widget elementor-widget-pxl_icon_box\" data-id=\"696c86c\" data-element_type=\"widget\" data-widget_type=\"pxl_icon_box.default\">\n\t\t\t\t<div class=\"elementor-widget-container\">\n\t\t\t\t\t<div class=\"pxl-icon-box pxl-icon-box1 style-3 ani3\" data-wow-delay=\"ms\">\r\n    <div class=\"pxl-item--inner\">\r\n        \r\n                            <div class=\"pxl-item--icon\">\r\n                                    <i aria-hidden=\"true\" class=\"flaticon flaticon-remodeling\"><\/i>                                <\/div>\r\n                        <div class=\"pxl-item--meta\">\r\n            <h5 class=\"pxl-item--title el-empty\">\r\n                        Installations in residential, business, public and industrial buildings                        <\/h5>\r\n            <div class=\"pxl-item--description el-empty\">We carry out electrical and communication installations of all types - from residential and commercial buildings to industrial facilities.<\/div>\r\n        <\/div>\r\n    <\/div>\r\n<\/div>\t\t\t\t<\/div>\n\t\t\t\t<\/div>\n\t\t            <\/div>\r\n        <\/div>\r\n                <div class=\"elementor-column elementor-col-50 elementor-inner-column elementor-element elementor-element-9c84c2e pxl-column-none pxl-column-overflow-hidden-no\" data-id=\"9c84c2e\" data-element_type=\"column\">\r\n        <div class=\"elementor-widget-wrap elementor-element-populated\">\r\n                     \r\n        \t\t<div class=\"elementor-element elementor-element-41a2e53 elementor-widget__width-initial elementor-widget-tablet_extra__width-inherit elementor-widget elementor-widget-pxl_icon_box\" data-id=\"41a2e53\" data-element_type=\"widget\" data-widget_type=\"pxl_icon_box.default\">\n\t\t\t\t<div class=\"elementor-widget-container\">\n\t\t\t\t\t<div class=\"pxl-icon-box pxl-icon-box1 style-3 ani3\" data-wow-delay=\"ms\">\r\n    <div class=\"pxl-item--inner\">\r\n        \r\n                            <div class=\"pxl-item--icon\">\r\n                                    <i aria-hidden=\"true\" class=\"flaticon flaticon-idea\"><\/i>                                <\/div>\r\n                        <div class=\"pxl-item--meta\">\r\n            <h5 class=\"pxl-item--title el-empty\">\r\n                        Indoor, outdoor and public lighting                        <\/h5>\r\n            <div class=\"pxl-item--description el-empty\">We plan and implement energy-efficient and functional lighting systems for indoor and outdoor spaces.<\/div>\r\n        <\/div>\r\n    <\/div>\r\n<\/div>\t\t\t\t<\/div>\n\t\t\t\t<\/div>\n\t\t            <\/div>\r\n        <\/div>\r\n        \t\t\t<\/div>\n\t\t<\/section>\n\t\t        <section class=\"elementor-section elementor-inner-section elementor-element elementor-element-72501d8 elementor-section-boxed elementor-section-height-default elementor-section-height-default pxl-row-scroll-none pxl-zoom-point-false pxl-section-overflow-visible pxl-section-fix-none pxl-bg-color-none pxl-section-overlay-none\" data-id=\"72501d8\" data-element_type=\"section\">\n\n                \n                <div class=\"elementor-container elementor-column-gap-no\">\n                <div class=\"elementor-column elementor-col-50 elementor-inner-column elementor-element elementor-element-1906a1e pxl-column-none pxl-column-overflow-hidden-no\" data-id=\"1906a1e\" data-element_type=\"column\">\r\n        <div class=\"elementor-widget-wrap elementor-element-populated\">\r\n                     \r\n        \t\t<div class=\"elementor-element elementor-element-0f9a28f elementor-widget__width-initial elementor-widget-tablet_extra__width-inherit elementor-widget elementor-widget-pxl_icon_box\" data-id=\"0f9a28f\" data-element_type=\"widget\" data-widget_type=\"pxl_icon_box.default\">\n\t\t\t\t<div class=\"elementor-widget-container\">\n\t\t\t\t\t<div class=\"pxl-icon-box pxl-icon-box1 style-3 ani3\" data-wow-delay=\"ms\">\r\n    <div class=\"pxl-item--inner\">\r\n        \r\n                            <div class=\"pxl-item--icon\">\r\n                                    <i aria-hidden=\"true\" class=\"flaticon flaticon-conversation\"><\/i>                                <\/div>\r\n                        <div class=\"pxl-item--meta\">\r\n            <h5 class=\"pxl-item--title el-empty\">\r\n                        Communication installations                        <\/h5>\r\n            <div class=\"pxl-item--description el-empty\">Modern and detailed technical solutions, adapted to the specifics of each facility and the needs of the investor.<\/div>\r\n        <\/div>\r\n    <\/div>\r\n<\/div>\t\t\t\t<\/div>\n\t\t\t\t<\/div>\n\t\t            <\/div>\r\n        <\/div>\r\n                <div class=\"elementor-column elementor-col-50 elementor-inner-column elementor-element elementor-element-0ab8057 pxl-column-none pxl-column-overflow-hidden-no\" data-id=\"0ab8057\" data-element_type=\"column\">\r\n        <div class=\"elementor-widget-wrap elementor-element-populated\">\r\n                     \r\n        \t\t<div class=\"elementor-element elementor-element-5a0e01f elementor-widget__width-initial elementor-widget-tablet_extra__width-inherit elementor-widget elementor-widget-pxl_icon_box\" data-id=\"5a0e01f\" data-element_type=\"widget\" data-widget_type=\"pxl_icon_box.default\">\n\t\t\t\t<div class=\"elementor-widget-container\">\n\t\t\t\t\t<div class=\"pxl-icon-box pxl-icon-box1 style-3 ani3\" data-wow-delay=\"ms\">\r\n    <div class=\"pxl-item--inner\">\r\n        \r\n                            <div class=\"pxl-item--icon\">\r\n                                    <i aria-hidden=\"true\" class=\"flaticon flaticon-file22\"><\/i>                                <\/div>\r\n                        <div class=\"pxl-item--meta\">\r\n            <h5 class=\"pxl-item--title el-empty\">\r\n                        Technical documentation of electrical phases                        <\/h5>\r\n            <div class=\"pxl-item--description el-empty\">We prepare complete technical documentation for electrical phases \u2014 from conceptual design to implementation plans \u2014 in accordance with all applicable standards and regulations, ensuring precise and safe project execution.<\/div>\r\n        <\/div>\r\n    <\/div>\r\n<\/div>\t\t\t\t<\/div>\n\t\t\t\t<\/div>\n\t\t            <\/div>\r\n        <\/div>\r\n        \t\t\t<\/div>\n\t\t<\/section>\n\t\t            <\/div>\r\n        <\/div>\r\n        \t\t\t<\/div>\n\t\t<\/section>\n\t\t\t\t<\/div>","protected":false},"excerpt":{"rendered":"<p>\u010cime se bavimo? Mi vjerujemo da kvalitetna i precizna elektroinstalacija \u010dini temelj svakog savremenog objekta. Na\u0161e usluge obuhvataju kompletna rje\u0161enja u oblasti elektroenergetike i komunikacionih sistema. Trafostanice sa pripadaju\u0107im dalekovodom do 35kV, revizija i ispitivanje Izgradnja i odr\u017eavanje transformatorskih stanica do 35 kV uz po\u0161tovanje najvi\u0161ih sigurnosnih i tehni\u010dkih standarda. Niskonaponske nadzemne i podzemne mre\u017ee [&hellip;]<\/p>","protected":false},"author":1,"featured_media":0,"parent":0,"menu_order":0,"comment_status":"closed","ping_status":"closed","template":"","meta":{"footnotes":""},"class_list":["post-16488","page","type-page","status-publish","hentry"],"yoast_head":"<!-- This site is optimized with the Yoast SEO plugin v26.2 - https:\/\/yoast.com\/wordpress\/plugins\/seo\/ -->\n<title>Elmont - Usluge<\/title>\n<meta name=\"description\" content=\"Kompanija sa tradicijom dugom preko 25 godina, specijalizovana za projektovanje, izgradnju i odr\u017eavanje elektro i komunikacionih instalacija.\" \/>\n<meta name=\"robots\" content=\"index, follow, max-snippet:-1, max-image-preview:large, max-video-preview:-1\" \/>\n<link rel=\"canonical\" href=\"https:\/\/www.elmont.ba\/en\/nase-usluge\/\" \/>\n<meta property=\"og:locale\" content=\"en_US\" \/>\n<meta property=\"og:type\" content=\"article\" \/>\n<meta property=\"og:title\" content=\"Elmont - Usluge\" \/>\n<meta property=\"og:description\" content=\"Kompanija sa tradicijom dugom preko 25 godina, specijalizovana za projektovanje, izgradnju i odr\u017eavanje elektro i komunikacionih instalacija.\" \/>\n<meta property=\"og:url\" content=\"https:\/\/www.elmont.ba\/en\/nase-usluge\/\" \/>\n<meta property=\"og:site_name\" content=\"Elmont\" \/>\n<meta property=\"article:publisher\" content=\"https:\/\/www.facebook.com\/elmontdoo.elmont\/\" \/>\n<meta property=\"article:modified_time\" content=\"2025-10-11T19:06:39+00:00\" \/>\n<meta property=\"og:image\" content=\"https:\/\/www.elmont.ba\/wp-content\/uploads\/2025\/10\/Screenshot-2025-10-11-210456.jpg\" \/>\n\t<meta property=\"og:image:width\" content=\"1920\" \/>\n\t<meta property=\"og:image:height\" content=\"1046\" \/>\n\t<meta property=\"og:image:type\" content=\"image\/jpeg\" \/>\n<meta name=\"twitter:card\" content=\"summary_large_image\" \/>\n<meta name=\"twitter:label1\" content=\"Est. reading time\" \/>\n\t<meta name=\"twitter:data1\" content=\"1 minute\" \/>\n<script type=\"application\/ld+json\" class=\"yoast-schema-graph\">{\"@context\":\"https:\/\/schema.org\",\"@graph\":[{\"@type\":\"WebPage\",\"@id\":\"https:\/\/www.elmont.ba\/nase-usluge\/\",\"url\":\"https:\/\/www.elmont.ba\/nase-usluge\/\",\"name\":\"Elmont - Usluge\",\"isPartOf\":{\"@id\":\"https:\/\/www.elmont.ba\/#website\"},\"datePublished\":\"2025-01-16T00:06:35+00:00\",\"dateModified\":\"2025-10-11T19:06:39+00:00\",\"description\":\"Kompanija sa tradicijom dugom preko 25 godina, specijalizovana za projektovanje, izgradnju i odr\u017eavanje elektro i komunikacionih instalacija.\",\"breadcrumb\":{\"@id\":\"https:\/\/www.elmont.ba\/nase-usluge\/#breadcrumb\"},\"inLanguage\":\"en-US\",\"potentialAction\":[{\"@type\":\"ReadAction\",\"target\":[\"https:\/\/www.elmont.ba\/nase-usluge\/\"]}]},{\"@type\":\"BreadcrumbList\",\"@id\":\"https:\/\/www.elmont.ba\/nase-usluge\/#breadcrumb\",\"itemListElement\":[{\"@type\":\"ListItem\",\"position\":1,\"name\":\"Home\",\"item\":\"https:\/\/www.elmont.ba\/\"},{\"@type\":\"ListItem\",\"position\":2,\"name\":\"Usluge\"}]},{\"@type\":\"WebSite\",\"@id\":\"https:\/\/www.elmont.ba\/#website\",\"url\":\"https:\/\/www.elmont.ba\/\",\"name\":\"Elmont\",\"description\":\"Pouzdana elektro rje\u0161enja za svaki projekat\",\"publisher\":{\"@id\":\"https:\/\/www.elmont.ba\/#organization\"},\"potentialAction\":[{\"@type\":\"SearchAction\",\"target\":{\"@type\":\"EntryPoint\",\"urlTemplate\":\"https:\/\/www.elmont.ba\/?s={search_term_string}\"},\"query-input\":{\"@type\":\"PropertyValueSpecification\",\"valueRequired\":true,\"valueName\":\"search_term_string\"}}],\"inLanguage\":\"en-US\"},{\"@type\":\"Organization\",\"@id\":\"https:\/\/www.elmont.ba\/#organization\",\"name\":\"Elmont\",\"url\":\"https:\/\/www.elmont.ba\/\",\"logo\":{\"@type\":\"ImageObject\",\"inLanguage\":\"en-US\",\"@id\":\"https:\/\/www.elmont.ba\/#\/schema\/logo\/image\/\",\"url\":\"https:\/\/www.elmont.ba\/wp-content\/uploads\/2024\/10\/Asset-3.png\",\"contentUrl\":\"https:\/\/www.elmont.ba\/wp-content\/uploads\/2024\/10\/Asset-3.png\",\"width\":1013,\"height\":211,\"caption\":\"Elmont\"},\"image\":{\"@id\":\"https:\/\/www.elmont.ba\/#\/schema\/logo\/image\/\"},\"sameAs\":[\"https:\/\/www.facebook.com\/elmontdoo.elmont\/\"]}]}<\/script>\n<!-- \/ Yoast SEO plugin. -->","yoast_head_json":{"title":"Elmont - Usluge","description":"A company with a tradition of over 25 years, specialized in the design, construction and maintenance of electrical and communication installations.","robots":{"index":"index","follow":"follow","max-snippet":"max-snippet:-1","max-image-preview":"max-image-preview:large","max-video-preview":"max-video-preview:-1"},"canonical":"https:\/\/www.elmont.ba\/en\/nase-usluge\/","og_locale":"en_US","og_type":"article","og_title":"Elmont - Usluge","og_description":"Kompanija sa tradicijom dugom preko 25 godina, specijalizovana za projektovanje, izgradnju i odr\u017eavanje elektro i komunikacionih instalacija.","og_url":"https:\/\/www.elmont.ba\/en\/nase-usluge\/","og_site_name":"Elmont","article_publisher":"https:\/\/www.facebook.com\/elmontdoo.elmont\/","article_modified_time":"2025-10-11T19:06:39+00:00","og_image":[{"width":1920,"height":1046,"url":"https:\/\/www.elmont.ba\/wp-content\/uploads\/2025\/10\/Screenshot-2025-10-11-210456.jpg","type":"image\/jpeg"}],"twitter_card":"summary_large_image","twitter_misc":{"Est. reading time":"1 minute"},"schema":{"@context":"https:\/\/schema.org","@graph":[{"@type":"WebPage","@id":"https:\/\/www.elmont.ba\/nase-usluge\/","url":"https:\/\/www.elmont.ba\/nase-usluge\/","name":"Elmont - Usluge","isPartOf":{"@id":"https:\/\/www.elmont.ba\/#website"},"datePublished":"2025-01-16T00:06:35+00:00","dateModified":"2025-10-11T19:06:39+00:00","description":"A company with a tradition of over 25 years, specialized in the design, construction and maintenance of electrical and communication installations.","breadcrumb":{"@id":"https:\/\/www.elmont.ba\/nase-usluge\/#breadcrumb"},"inLanguage":"en-US","potentialAction":[{"@type":"ReadAction","target":["https:\/\/www.elmont.ba\/nase-usluge\/"]}]},{"@type":"BreadcrumbList","@id":"https:\/\/www.elmont.ba\/nase-usluge\/#breadcrumb","itemListElement":[{"@type":"ListItem","position":1,"name":"Home","item":"https:\/\/www.elmont.ba\/"},{"@type":"ListItem","position":2,"name":"Usluge"}]},{"@type":"WebSite","@id":"https:\/\/www.elmont.ba\/#website","url":"https:\/\/www.elmont.ba\/","name":"Elmont","description":"Pouzdana elektro rje\u0161enja za svaki projekat","publisher":{"@id":"https:\/\/www.elmont.ba\/#organization"},"potentialAction":[{"@type":"SearchAction","target":{"@type":"EntryPoint","urlTemplate":"https:\/\/www.elmont.ba\/?s={search_term_string}"},"query-input":{"@type":"PropertyValueSpecification","valueRequired":true,"valueName":"search_term_string"}}],"inLanguage":"en-US"},{"@type":"Organization","@id":"https:\/\/www.elmont.ba\/#organization","name":"Elmont","url":"https:\/\/www.elmont.ba\/","logo":{"@type":"ImageObject","inLanguage":"en-US","@id":"https:\/\/www.elmont.ba\/#\/schema\/logo\/image\/","url":"https:\/\/www.elmont.ba\/wp-content\/uploads\/2024\/10\/Asset-3.png","contentUrl":"https:\/\/www.elmont.ba\/wp-content\/uploads\/2024\/10\/Asset-3.png","width":1013,"height":211,"caption":"Elmont"},"image":{"@id":"https:\/\/www.elmont.ba\/#\/schema\/logo\/image\/"},"sameAs":["https:\/\/www.facebook.com\/elmontdoo.elmont\/"]}]}},"_links":{"self":[{"href":"https:\/\/www.elmont.ba\/en\/wp-json\/wp\/v2\/pages\/16488","targetHints":{"allow":["GET"]}}],"collection":[{"href":"https:\/\/www.elmont.ba\/en\/wp-json\/wp\/v2\/pages"}],"about":[{"href":"https:\/\/www.elmont.ba\/en\/wp-json\/wp\/v2\/types\/page"}],"author":[{"embeddable":true,"href":"https:\/\/www.elmont.ba\/en\/wp-json\/wp\/v2\/users\/1"}],"replies":[{"embeddable":true,"href":"https:\/\/www.elmont.ba\/en\/wp-json\/wp\/v2\/comments?post=16488"}],"version-history":[{"count":103,"href":"https:\/\/www.elmont.ba\/en\/wp-json\/wp\/v2\/pages\/16488\/revisions"}],"predecessor-version":[{"id":17439,"href":"https:\/\/www.elmont.ba\/en\/wp-json\/wp\/v2\/pages\/16488\/revisions\/17439"}],"wp:attachment":[{"href":"https:\/\/www.elmont.ba\/en\/wp-json\/wp\/v2\/media?parent=16488"}],"curies":[{"name":"wp","href":"https:\/\/api.w.org\/{rel}","templated":true}]}}