{"id":16494,"date":"2025-01-16T00:07:19","date_gmt":"2025-01-16T00:07:19","guid":{"rendered":"https:\/\/www.elmont.ba\/?page_id=16494"},"modified":"2025-10-11T19:05:20","modified_gmt":"2025-10-11T19:05:20","slug":"kontakt","status":"publish","type":"page","link":"https:\/\/www.elmont.ba\/en\/kontakt\/","title":{"rendered":"Contact"},"content":{"rendered":"<div data-elementor-type=\"wp-page\" data-elementor-id=\"16494\" class=\"elementor elementor-16494\">\n\t\t\t\t        <section class=\"elementor-section elementor-top-section elementor-element elementor-element-5a1a186 elementor-section-stretched elementor-section-boxed elementor-section-height-default elementor-section-height-default pxl-row-scroll-none pxl-zoom-point-false pxl-section-overflow-visible pxl-section-fix-none pxl-bg-color-none pxl-section-overlay-none\" data-id=\"5a1a186\" data-element_type=\"section\" data-settings=\"{&quot;stretch_section&quot;:&quot;section-stretched&quot;}\">\n\n                \n                <div class=\"elementor-container elementor-column-gap-extended\">\n                <div class=\"elementor-column elementor-col-100 elementor-top-column elementor-element elementor-element-db185fe pxl-column-none pxl-column-overflow-hidden-no\" data-id=\"db185fe\" data-element_type=\"column\">\r\n        <div class=\"elementor-widget-wrap elementor-element-populated\">\r\n                     \r\n                <section class=\"elementor-section elementor-inner-section elementor-element elementor-element-e44364c elementor-section-content-middle elementor-section-boxed elementor-section-height-default elementor-section-height-default pxl-row-scroll-none pxl-zoom-point-false pxl-section-overflow-visible pxl-section-fix-none pxl-bg-color-none pxl-section-overlay-none\" data-id=\"e44364c\" data-element_type=\"section\" data-settings=\"{&quot;background_background&quot;:&quot;classic&quot;}\">\n\n                \n                <div class=\"elementor-container elementor-column-gap-extended\">\n                <div class=\"elementor-column elementor-col-50 elementor-inner-column elementor-element elementor-element-43c57ef pxl-column-none pxl-column-overflow-hidden-no\" data-id=\"43c57ef\" data-element_type=\"column\">\r\n        <div class=\"elementor-widget-wrap elementor-element-populated\">\r\n                     \r\n        \t\t<div class=\"elementor-element elementor-element-6973279 elementor-widget elementor-widget-pxl_heading\" data-id=\"6973279\" data-element_type=\"widget\" data-widget_type=\"pxl_heading.default\">\n\t\t\t\t<div class=\"elementor-widget-container\">\n\t\t\t\t\t\n<div id=\"pxl-pxl_heading-6973279-8358\" class=\"pxl-heading px-sub-title-dot-style\">\n\t<div class=\"pxl-heading--inner\">\n\t\t\n\t\t\t<h3 class=\"pxl-item--title style-default highlight-default\" data-wow-delay=\"ms\">\n\t\t\t\t\t\t\tContact us\t\n\t\t\t\t\n\t\t<\/h3>\n\t<\/div>\n<\/div> \t\t\t\t<\/div>\n\t\t\t\t<\/div>\n\t\t\t\t<div class=\"elementor-element elementor-element-4aa4df9 elementor-widget elementor-widget-pxl_text_editor\" data-id=\"4aa4df9\" data-element_type=\"widget\" data-widget_type=\"pxl_text_editor.default\">\n\t\t\t\t<div class=\"elementor-widget-container\">\n\t\t\t\t\t<div class=\"pxl-text-editor\">\n\t<div class=\"pxl-item--inner\" data-wow-delay=\"ms\">\n\t\t<p>Call us<\/p>\t\t\n\t<\/div>\n<\/div>\t\t\t\t<\/div>\n\t\t\t\t<\/div>\n\t\t\t\t<div class=\"elementor-element elementor-element-b00cbe2 elementor-widget elementor-widget-pxl_text_editor\" data-id=\"b00cbe2\" data-element_type=\"widget\" data-widget_type=\"pxl_text_editor.default\">\n\t\t\t\t<div class=\"elementor-widget-container\">\n\t\t\t\t\t<div class=\"pxl-text-editor\">\n\t<div class=\"pxl-item--inner\" data-wow-delay=\"ms\">\n\t\t<p>+387 55 351 727<\/p>\t\t\n\t<\/div>\n<\/div>\t\t\t\t<\/div>\n\t\t\t\t<\/div>\n\t\t\t\t<div class=\"elementor-element elementor-element-dc01ba9 elementor-widget elementor-widget-pxl_text_editor\" data-id=\"dc01ba9\" data-element_type=\"widget\" data-widget_type=\"pxl_text_editor.default\">\n\t\t\t\t<div class=\"elementor-widget-container\">\n\t\t\t\t\t<div class=\"pxl-text-editor\">\n\t<div class=\"pxl-item--inner\" data-wow-delay=\"ms\">\n\t\t<p>+387 55 351 737<\/p>\t\t\n\t<\/div>\n<\/div>\t\t\t\t<\/div>\n\t\t\t\t<\/div>\n\t\t\t\t<div class=\"elementor-element elementor-element-1ec9f1c elementor-widget__width-auto elementor-widget elementor-widget-pxl_heading\" data-id=\"1ec9f1c\" data-element_type=\"widget\" data-widget_type=\"pxl_heading.default\">\n\t\t\t\t<div class=\"elementor-widget-container\">\n\t\t\t\t\t\n<div id=\"pxl-pxl_heading-1ec9f1c-2912\" class=\"pxl-heading px-sub-title-default-style\">\n\t<div class=\"pxl-heading--inner\">\n\t\t\t\t\t<div class=\"pxl-item--subtitle px-sub-title-default\" data-wow-delay=\"ms\">\n\t\t\t\t<span class=\"pxl-item--subtext\">\n\t\t\t\t\t\t\t\t\t\tAddress\t\t\t\t<\/span>\n\t\t\t<\/div>\n\t\t\n\t\t\t<h3 class=\"pxl-item--title style-default highlight-default\" data-wow-delay=\"ms\">\n\t\t\t\t\t\t\tMajevi\u010dkih brigada 34, Dvorovi &#8211; Bijeljina\t\n\t\t\t\t\n\t\t<\/h3>\n\t<\/div>\n<\/div> \t\t\t\t<\/div>\n\t\t\t\t<\/div>\n\t\t\t\t<div class=\"elementor-element elementor-element-d9098ce elementor-widget__width-auto elementor-widget elementor-widget-pxl_heading\" data-id=\"d9098ce\" data-element_type=\"widget\" data-widget_type=\"pxl_heading.default\">\n\t\t\t\t<div class=\"elementor-widget-container\">\n\t\t\t\t\t\n<div id=\"pxl-pxl_heading-d9098ce-7449\" class=\"pxl-heading px-sub-title-default-style\">\n\t<div class=\"pxl-heading--inner\">\n\t\t\t\t\t<div class=\"pxl-item--subtitle px-sub-title-default\" data-wow-delay=\"ms\">\n\t\t\t\t<span class=\"pxl-item--subtext\">\n\t\t\t\t\t\t\t\t\t\tEmail us\t\t\t\t<\/span>\n\t\t\t<\/div>\n\t\t\n\t\t\t<h3 class=\"pxl-item--title style-default highlight-default\" data-wow-delay=\"ms\">\n\t\t\t\t\t\t\tinfo@elmont.ba<br>\nelmontbndoo@gmail.com\t\n\t\t\t\t\n\t\t<\/h3>\n\t<\/div>\n<\/div> \t\t\t\t<\/div>\n\t\t\t\t<\/div>\n\t\t            <\/div>\r\n        <\/div>\r\n                <div class=\"elementor-column elementor-col-50 elementor-inner-column elementor-element elementor-element-e138ea4 pxl-column-none pxl-column-overflow-hidden-no\" data-id=\"e138ea4\" data-element_type=\"column\">\r\n        <div class=\"elementor-widget-wrap elementor-element-populated\">\r\n                     \r\n        \t\t<div class=\"elementor-element elementor-element-e3c8a7b elementor-widget elementor-widget-pxl_contact_form\" data-id=\"e3c8a7b\" data-element_type=\"widget\" data-widget_type=\"pxl_contact_form.default\">\n\t\t\t\t<div class=\"elementor-widget-container\">\n\t\t\t\t\t    <div class=\"pxl-contact-form pxl-contact-form1 btn-w-auto\" data-wow-delay=\"ms\">\r\n        \n<div class=\"wpcf7 no-js\" id=\"wpcf7-f779-o1\" lang=\"en-US\" dir=\"ltr\" data-wpcf7-id=\"779\">\n<div class=\"screen-reader-response\"><p role=\"status\" aria-live=\"polite\" aria-atomic=\"true\"><\/p> <ul><\/ul><\/div>\n<form action=\"\/en\/wp-json\/wp\/v2\/pages\/16494#wpcf7-f779-o1\" method=\"post\" class=\"wpcf7-form init\" aria-label=\"Contact form\" novalidate=\"novalidate\" data-status=\"init\" data-trp-original-action=\"\/en\/wp-json\/wp\/v2\/pages\/16494#wpcf7-f779-o1\">\n<fieldset class=\"hidden-fields-container\"><input type=\"hidden\" name=\"_wpcf7\" value=\"779\" \/><input type=\"hidden\" name=\"_wpcf7_version\" value=\"6.1.2\" \/><input type=\"hidden\" name=\"_wpcf7_locale\" value=\"en_US\" \/><input type=\"hidden\" name=\"_wpcf7_unit_tag\" value=\"wpcf7-f779-o1\" \/><input type=\"hidden\" name=\"_wpcf7_container_post\" value=\"0\" \/><input type=\"hidden\" name=\"_wpcf7_posted_data_hash\" value=\"\" \/><input type=\"hidden\" name=\"_wpcf7_recaptcha_response\" value=\"\" \/>\n<\/fieldset>\n<div class=\"uacf7-form-wrapper-container uacf7-form-779\"><div class=\"wrap-ctf2 wrap-form\">\n\t<div class=\"containter\">\n\t\t<div class=\"row\">\n\t\t\t<div class=\"input-filled col-xl-6 col-lg-6 col-md-6 col-sm-6 col-xs-12\">\n\t\t\t\t<span class=\"wpcf7-form-control-wrap your-name\">\n\t\t\t\t\t<span class=\"wpcf7-form-control-wrap\" data-name=\"your-name\"><input size=\"40\" maxlength=\"400\" class=\"wpcf7-form-control wpcf7-text wpcf7-validates-as-required\" aria-required=\"true\" aria-invalid=\"false\" placeholder=\"Va\u0161e ime (obavezno)\" value=\"\" type=\"text\" name=\"your-name\" \/><\/span>\n\t\t\t\t<\/span>\n\t\t\t<\/div>   \n\t\t\t<div class=\"input-filled col-xl-6 col-lg-6 col-md-6 col-sm-6 col-xs-12\">\n\t\t\t\t<span class=\"wpcf7-form-control-wrap your-email\">\n\t\t\t\t\t<span class=\"wpcf7-form-control-wrap\" data-name=\"your-email\"><input size=\"40\" maxlength=\"400\" class=\"wpcf7-form-control wpcf7-email wpcf7-validates-as-required wpcf7-text wpcf7-validates-as-email\" aria-required=\"true\" aria-invalid=\"false\" placeholder=\"Va\u0161 email (obavezno)\" value=\"\" type=\"email\" name=\"your-email\" \/><\/span>\n\t\t\t\t<\/span>\n\t\t\t<\/div> \t\t\n\t\t\t<div class=\"input-filled col-xl-6 col-lg-6 col-md-12 col-sm-12 col-xs-12\">\n\t\t\t\t<span class=\"wpcf7-form-control-wrap your-phone\">\n\t\t\t\t\t<span class=\"wpcf7-form-control-wrap\" data-name=\"your-phone\"><input size=\"40\" maxlength=\"400\" class=\"wpcf7-form-control wpcf7-tel wpcf7-validates-as-required wpcf7-text wpcf7-validates-as-tel\" aria-required=\"true\" aria-invalid=\"false\" placeholder=\"Va\u0161 broj telefona (obavezno)\" value=\"\" type=\"tel\" name=\"your-phone\" \/><\/span>\n\t\t\t\t<\/span>\n\t\t\t<\/div>\n\t\t\t<div class=\"input-filled col-xl-6 col-lg-6 col-md-6 col-sm-12 col-xs-12\">\n\t\t\t\t<span class=\"wpcf7-form-control-wrap your-service\">\n\t\t\t\t\t<span class=\"wpcf7-form-control-wrap\" data-name=\"menu-516\"><select class=\"wpcf7-form-control wpcf7-select\" aria-invalid=\"false\" name=\"menu-516\"><option value=\"Kategorija\">Category<\/option><option value=\"Pitanja\">Questions<\/option><option value=\"Prodaja\">Sales<\/option><option value=\"Drugo\">Other<\/option><\/select><\/span>\n\t\t\t\t<\/span>\n\t\t\t<\/div>  \n\t\t\t<div class=\"input-filled col-xl-12\">\n\t\t\t\t<span class=\"wpcf7-form-control-wrap your-messeage\">\n\t\t\t\t\t<span class=\"wpcf7-form-control-wrap\" data-name=\"your-messeage\"><textarea cols=\"40\" rows=\"10\" maxlength=\"2000\" class=\"wpcf7-form-control wpcf7-textarea wpcf7-validates-as-required\" aria-required=\"true\" aria-invalid=\"false\" placeholder=\"Va\u0161a poruka....\" name=\"your-messeage\"><\/textarea><\/span>\n\t\t\t\t<\/span>\n\t\t\t<\/div>\n\t\t\t<div class=\"input-filled col-xl-12 d-flex\"> \n                            <\/span>\n\t\t\t\t<button type=\"submit\" class=\"wpcf7-submit wpcf7-btn-abs\" > Send<i class=\"far fa-arrow-right\"><\/i> <\/button>\n\t\t\t<\/div>\n\t\t<\/div>\n\t<\/div>\n<\/div><\/div><div class=\"wpcf7-response-output\" aria-hidden=\"true\"><\/div>\n<input type=\"hidden\" name=\"trp-form-language\" value=\"en\"\/><\/form>\n<\/div>\n    <\/div>\r\n\t\t\t\t<\/div>\n\t\t\t\t<\/div>\n\t\t            <\/div>\r\n        <\/div>\r\n        \t\t\t<\/div>\n\t\t<\/section>\n\t\t            <\/div>\r\n        <\/div>\r\n        \t\t\t<\/div>\n\t\t<\/section>\n\t\t        <section class=\"elementor-section elementor-top-section elementor-element elementor-element-c62ba7f elementor-section-full_width elementor-section-stretched elementor-section-height-default elementor-section-height-default pxl-row-scroll-none pxl-zoom-point-false pxl-section-overflow-visible pxl-section-fix-none pxl-full-content-with-space-none pxl-bg-color-none pxl-section-overlay-none\" data-id=\"c62ba7f\" data-element_type=\"section\" data-settings=\"{&quot;stretch_section&quot;:&quot;section-stretched&quot;}\">\n\n                \n                <div class=\"elementor-container elementor-column-gap-default\">\n                <div class=\"elementor-column elementor-col-100 elementor-top-column elementor-element elementor-element-80f580e pxl-column-none pxl-column-overflow-hidden-no\" data-id=\"80f580e\" data-element_type=\"column\">\r\n        <div class=\"elementor-widget-wrap elementor-element-populated\">\r\n                     \r\n        \t\t<div class=\"elementor-element elementor-element-f49886c elementor-widget elementor-widget-google_maps\" data-id=\"f49886c\" data-element_type=\"widget\" data-widget_type=\"google_maps.default\">\n\t\t\t\t<div class=\"elementor-widget-container\">\n\t\t\t\t\t\t\t<div class=\"elementor-custom-embed\">\n\t\t\t<iframe loading=\"lazy\"\n\t\t\t\t\tsrc=\"https:\/\/maps.google.com\/maps?q=Q6WX%2B79M%20Dvorovi&#038;t=m&#038;z=18&#038;output=embed&#038;iwloc=near\"\n\t\t\t\t\ttitle=\"Q6WX+79M Dvorovi\"\n\t\t\t\t\taria-label=\"Q6WX+79M Dvorovi\"\n\t\t\t><\/iframe>\n\t\t<\/div>\n\t\t\t\t\t\t<\/div>\n\t\t\t\t<\/div>\n\t\t            <\/div>\r\n        <\/div>\r\n        \t\t\t<\/div>\n\t\t<\/section>\n\t\t\t\t<\/div>","protected":false},"excerpt":{"rendered":"<p>Kontaktirajte nas Pozovite nas +387 55 351 727 +387 55 351 737 Adresa Majevi\u010dkih brigada 34, Dvorovi &#8211; Bijeljina Pi\u0161ite nam info@elmont.ba elmontbndoo@gmail.com KategorijaPitanjaProdajaDrugo Moji podaci iznad su ta\u010dni i \u017eelim da me kontaktirate. Po\u0161alji<\/p>","protected":false},"author":1,"featured_media":0,"parent":0,"menu_order":0,"comment_status":"closed","ping_status":"closed","template":"","meta":{"footnotes":""},"class_list":["post-16494","page","type-page","status-publish","hentry"],"yoast_head":"<!-- This site is optimized with the Yoast SEO plugin v26.2 - https:\/\/yoast.com\/wordpress\/plugins\/seo\/ -->\n<title>Elmont - Kontakt<\/title>\n<meta name=\"description\" content=\"Kompanija sa tradicijom dugom preko 25 godina, specijalizovana za projektovanje, izgradnju i odr\u017eavanje elektroenergetskih i komunikacionih instalacija.\" \/>\n<meta name=\"robots\" content=\"index, follow, max-snippet:-1, max-image-preview:large, max-video-preview:-1\" \/>\n<link rel=\"canonical\" href=\"https:\/\/www.elmont.ba\/en\/kontakt\/\" \/>\n<meta property=\"og:locale\" content=\"en_US\" \/>\n<meta property=\"og:type\" content=\"article\" \/>\n<meta property=\"og:title\" content=\"Elmont - Kontakt\" \/>\n<meta property=\"og:description\" content=\"Kompanija sa tradicijom dugom preko 25 godina, specijalizovana za projektovanje, izgradnju i odr\u017eavanje elektro i komunikacionih instalacija.\" \/>\n<meta property=\"og:url\" content=\"https:\/\/www.elmont.ba\/en\/kontakt\/\" \/>\n<meta property=\"og:site_name\" content=\"Elmont\" \/>\n<meta property=\"article:publisher\" content=\"https:\/\/www.facebook.com\/elmontdoo.elmont\/\" \/>\n<meta property=\"article:modified_time\" content=\"2025-10-11T19:05:20+00:00\" \/>\n<meta property=\"og:image\" content=\"https:\/\/www.elmont.ba\/wp-content\/uploads\/2025\/10\/Screenshot-2025-10-11-210446.jpg\" \/>\n\t<meta property=\"og:image:width\" content=\"1920\" \/>\n\t<meta property=\"og:image:height\" content=\"1047\" \/>\n\t<meta property=\"og:image:type\" content=\"image\/jpeg\" \/>\n<meta name=\"twitter:card\" content=\"summary_large_image\" \/>\n<meta name=\"twitter:label1\" content=\"Est. reading time\" \/>\n\t<meta name=\"twitter:data1\" content=\"1 minute\" \/>\n<script type=\"application\/ld+json\" class=\"yoast-schema-graph\">{\"@context\":\"https:\/\/schema.org\",\"@graph\":[{\"@type\":\"WebPage\",\"@id\":\"https:\/\/www.elmont.ba\/kontakt\/\",\"url\":\"https:\/\/www.elmont.ba\/kontakt\/\",\"name\":\"Elmont - Kontakt\",\"isPartOf\":{\"@id\":\"https:\/\/www.elmont.ba\/#website\"},\"datePublished\":\"2025-01-16T00:07:19+00:00\",\"dateModified\":\"2025-10-11T19:05:20+00:00\",\"description\":\"Kompanija sa tradicijom dugom preko 25 godina, specijalizovana za projektovanje, izgradnju i odr\u017eavanje elektroenergetskih i komunikacionih instalacija.\",\"breadcrumb\":{\"@id\":\"https:\/\/www.elmont.ba\/kontakt\/#breadcrumb\"},\"inLanguage\":\"en-US\",\"potentialAction\":[{\"@type\":\"ReadAction\",\"target\":[\"https:\/\/www.elmont.ba\/kontakt\/\"]}]},{\"@type\":\"BreadcrumbList\",\"@id\":\"https:\/\/www.elmont.ba\/kontakt\/#breadcrumb\",\"itemListElement\":[{\"@type\":\"ListItem\",\"position\":1,\"name\":\"Home\",\"item\":\"https:\/\/www.elmont.ba\/\"},{\"@type\":\"ListItem\",\"position\":2,\"name\":\"Kontakt\"}]},{\"@type\":\"WebSite\",\"@id\":\"https:\/\/www.elmont.ba\/#website\",\"url\":\"https:\/\/www.elmont.ba\/\",\"name\":\"Elmont\",\"description\":\"Pouzdana elektro rje\u0161enja za svaki projekat\",\"publisher\":{\"@id\":\"https:\/\/www.elmont.ba\/#organization\"},\"potentialAction\":[{\"@type\":\"SearchAction\",\"target\":{\"@type\":\"EntryPoint\",\"urlTemplate\":\"https:\/\/www.elmont.ba\/?s={search_term_string}\"},\"query-input\":{\"@type\":\"PropertyValueSpecification\",\"valueRequired\":true,\"valueName\":\"search_term_string\"}}],\"inLanguage\":\"en-US\"},{\"@type\":\"Organization\",\"@id\":\"https:\/\/www.elmont.ba\/#organization\",\"name\":\"Elmont\",\"url\":\"https:\/\/www.elmont.ba\/\",\"logo\":{\"@type\":\"ImageObject\",\"inLanguage\":\"en-US\",\"@id\":\"https:\/\/www.elmont.ba\/#\/schema\/logo\/image\/\",\"url\":\"https:\/\/www.elmont.ba\/wp-content\/uploads\/2024\/10\/Asset-3.png\",\"contentUrl\":\"https:\/\/www.elmont.ba\/wp-content\/uploads\/2024\/10\/Asset-3.png\",\"width\":1013,\"height\":211,\"caption\":\"Elmont\"},\"image\":{\"@id\":\"https:\/\/www.elmont.ba\/#\/schema\/logo\/image\/\"},\"sameAs\":[\"https:\/\/www.facebook.com\/elmontdoo.elmont\/\"]}]}<\/script>\n<!-- \/ Yoast SEO plugin. -->","yoast_head_json":{"title":"Elmont - Kontakt","description":"A company with a tradition of over 25 years, specialized in the design, construction and maintenance of electrical and communication installations.","robots":{"index":"index","follow":"follow","max-snippet":"max-snippet:-1","max-image-preview":"max-image-preview:large","max-video-preview":"max-video-preview:-1"},"canonical":"https:\/\/www.elmont.ba\/en\/kontakt\/","og_locale":"en_US","og_type":"article","og_title":"Elmont - Kontakt","og_description":"Kompanija sa tradicijom dugom preko 25 godina, specijalizovana za projektovanje, izgradnju i odr\u017eavanje elektro i komunikacionih instalacija.","og_url":"https:\/\/www.elmont.ba\/en\/kontakt\/","og_site_name":"Elmont","article_publisher":"https:\/\/www.facebook.com\/elmontdoo.elmont\/","article_modified_time":"2025-10-11T19:05:20+00:00","og_image":[{"width":1920,"height":1047,"url":"https:\/\/www.elmont.ba\/wp-content\/uploads\/2025\/10\/Screenshot-2025-10-11-210446.jpg","type":"image\/jpeg"}],"twitter_card":"summary_large_image","twitter_misc":{"Est. reading time":"1 minute"},"schema":{"@context":"https:\/\/schema.org","@graph":[{"@type":"WebPage","@id":"https:\/\/www.elmont.ba\/kontakt\/","url":"https:\/\/www.elmont.ba\/kontakt\/","name":"Elmont - Kontakt","isPartOf":{"@id":"https:\/\/www.elmont.ba\/#website"},"datePublished":"2025-01-16T00:07:19+00:00","dateModified":"2025-10-11T19:05:20+00:00","description":"A company with a tradition of over 25 years, specialized in the design, construction and maintenance of electrical and communication installations.","breadcrumb":{"@id":"https:\/\/www.elmont.ba\/kontakt\/#breadcrumb"},"inLanguage":"en-US","potentialAction":[{"@type":"ReadAction","target":["https:\/\/www.elmont.ba\/kontakt\/"]}]},{"@type":"BreadcrumbList","@id":"https:\/\/www.elmont.ba\/kontakt\/#breadcrumb","itemListElement":[{"@type":"ListItem","position":1,"name":"Home","item":"https:\/\/www.elmont.ba\/"},{"@type":"ListItem","position":2,"name":"Kontakt"}]},{"@type":"WebSite","@id":"https:\/\/www.elmont.ba\/#website","url":"https:\/\/www.elmont.ba\/","name":"Elmont","description":"Pouzdana elektro rje\u0161enja za svaki projekat","publisher":{"@id":"https:\/\/www.elmont.ba\/#organization"},"potentialAction":[{"@type":"SearchAction","target":{"@type":"EntryPoint","urlTemplate":"https:\/\/www.elmont.ba\/?s={search_term_string}"},"query-input":{"@type":"PropertyValueSpecification","valueRequired":true,"valueName":"search_term_string"}}],"inLanguage":"en-US"},{"@type":"Organization","@id":"https:\/\/www.elmont.ba\/#organization","name":"Elmont","url":"https:\/\/www.elmont.ba\/","logo":{"@type":"ImageObject","inLanguage":"en-US","@id":"https:\/\/www.elmont.ba\/#\/schema\/logo\/image\/","url":"https:\/\/www.elmont.ba\/wp-content\/uploads\/2024\/10\/Asset-3.png","contentUrl":"https:\/\/www.elmont.ba\/wp-content\/uploads\/2024\/10\/Asset-3.png","width":1013,"height":211,"caption":"Elmont"},"image":{"@id":"https:\/\/www.elmont.ba\/#\/schema\/logo\/image\/"},"sameAs":["https:\/\/www.facebook.com\/elmontdoo.elmont\/"]}]}},"_links":{"self":[{"href":"https:\/\/www.elmont.ba\/en\/wp-json\/wp\/v2\/pages\/16494","targetHints":{"allow":["GET"]}}],"collection":[{"href":"https:\/\/www.elmont.ba\/en\/wp-json\/wp\/v2\/pages"}],"about":[{"href":"https:\/\/www.elmont.ba\/en\/wp-json\/wp\/v2\/types\/page"}],"author":[{"embeddable":true,"href":"https:\/\/www.elmont.ba\/en\/wp-json\/wp\/v2\/users\/1"}],"replies":[{"embeddable":true,"href":"https:\/\/www.elmont.ba\/en\/wp-json\/wp\/v2\/comments?post=16494"}],"version-history":[{"count":55,"href":"https:\/\/www.elmont.ba\/en\/wp-json\/wp\/v2\/pages\/16494\/revisions"}],"predecessor-version":[{"id":17260,"href":"https:\/\/www.elmont.ba\/en\/wp-json\/wp\/v2\/pages\/16494\/revisions\/17260"}],"wp:attachment":[{"href":"https:\/\/www.elmont.ba\/en\/wp-json\/wp\/v2\/media?parent=16494"}],"curies":[{"name":"wp","href":"https:\/\/api.w.org\/{rel}","templated":true}]}}