{"id":16639,"date":"2025-04-10T12:25:12","date_gmt":"2025-04-10T12:25:12","guid":{"rendered":"https:\/\/www.elmont.ba\/?page_id=16639"},"modified":"2025-10-11T19:07:06","modified_gmt":"2025-10-11T19:07:06","slug":"politika-privatnosti","status":"publish","type":"page","link":"https:\/\/www.elmont.ba\/en\/politika-privatnosti\/","title":{"rendered":"Privacy Policy"},"content":{"rendered":"<div data-elementor-type=\"wp-page\" data-elementor-id=\"16639\" class=\"elementor elementor-16639\">\n\t\t\t\t        <section class=\"elementor-section elementor-top-section elementor-element elementor-element-ab4185a elementor-section-boxed elementor-section-height-default elementor-section-height-default pxl-row-scroll-none pxl-zoom-point-false pxl-section-overflow-visible pxl-section-fix-none pxl-bg-color-none pxl-section-overlay-none\" data-id=\"ab4185a\" data-element_type=\"section\">\n\n                \n                <div class=\"elementor-container elementor-column-gap-default\">\n                <div class=\"elementor-column elementor-col-100 elementor-top-column elementor-element elementor-element-95e100c pxl-column-none pxl-column-overflow-hidden-no\" data-id=\"95e100c\" data-element_type=\"column\">\r\n        <div class=\"elementor-widget-wrap elementor-element-populated\">\r\n                     \r\n        \t\t<div class=\"elementor-element elementor-element-aaa0a7e elementor-widget elementor-widget-pxl_text_editor\" data-id=\"aaa0a7e\" data-element_type=\"widget\" data-widget_type=\"pxl_text_editor.default\">\n\t\t\t\t<div class=\"elementor-widget-container\">\n\t\t\t\t\t<div class=\"pxl-text-editor\">\n\t<div class=\"pxl-item--inner\" data-wow-delay=\"ms\">\n\t\t<p><b>Privacy Policy<\/b><\/p><p><span style=\"font-weight: 400\">Elmont d.o.o. respects your privacy and we are committed to protecting your personal data. This Privacy Policy explains how we collect, use and protect the information you provide through our website.<\/span><\/p><p><b>What data do we collect?<\/b><\/p><p><span style=\"font-weight: 400\">We may collect basic personal information that you enter via the contact form or directly (name, surname, email, phone number, message). Our website may use cookies to improve the user experience.<\/span><\/p><p><b>How do we use your data?<\/b><\/p><p><span style=\"font-weight: 400\">We use the data you provide us exclusively for the purpose of:<\/span><\/p><ul><li style=\"font-weight: 400\"><span style=\"font-weight: 400\">Responding to your inquiries or requests<\/span><\/li><li style=\"font-weight: 400\"><span style=\"font-weight: 400\">Providing information about our services<\/span><\/li><li style=\"font-weight: 400\"><span style=\"font-weight: 400\">Improving the quality of user experience on the website<\/span><\/li><\/ul><p><span style=\"font-weight: 400\">We do not sell, rent or share your information with third parties.<\/span><\/p><p><b>Data protection<\/b><\/p><p><span style=\"font-weight: 400\">Your data is protected by technical and organizational measures to prevent unauthorized access, loss or misuse.<\/span><\/p><p><b>Your rights<\/b><\/p><p><span style=\"font-weight: 400\">At any time, you have the right to request access to your personal data, its correction, deletion or restriction of processing in accordance with applicable data protection laws (e.g. GDPR).<\/span><\/p><p><b>Contact<\/b><\/p><p><span style=\"font-weight: 400\">For all questions related to data protection, you can contact us via:<\/span><\/p><ul><li style=\"font-weight: 400\"><span style=\"font-weight: 400\">Email: elmontbndoo@gmail.com<\/span><\/li><li style=\"font-weight: 400\"><span style=\"font-weight: 400\">Phone: 055\/351-727<\/span><\/li><li style=\"font-weight: 400\"><span style=\"font-weight: 400\">Address: Majevi\u010dkih brigada 34, 76300 Bijeljina, BiH<\/span><\/li><\/ul><p><span style=\"font-weight: 400\">We reserve the right to change this policy in accordance with legal changes or improvements to our services.<\/span><\/p>\t\t\n\t<\/div>\n<\/div>\t\t\t\t<\/div>\n\t\t\t\t<\/div>\n\t\t            <\/div>\r\n        <\/div>\r\n        \t\t\t<\/div>\n\t\t<\/section>\n\t\t\t\t<\/div>","protected":false},"excerpt":{"rendered":"<p>Politika privatnosti Elmont d.o.o. po\u0161tuje va\u0161u privatnost i posve\u0107eni smo za\u0161titi va\u0161ih li\u010dnih podataka. Ova Politika privatnosti obja\u0161njava kako prikupljamo, koristimo i \u0161titimo informacije koje ostavite putem na\u0161e web stranice. Koje podatke prikupljamo? Mo\u017eemo prikupljati osnovne li\u010dne podatke koje sami unesete putem kontakt forme ili direktnim putem (ime, prezime, e-mail, broj telefona, poruka). Na\u0161a web [&hellip;]<\/p>","protected":false},"author":1,"featured_media":0,"parent":0,"menu_order":0,"comment_status":"closed","ping_status":"closed","template":"","meta":{"footnotes":""},"class_list":["post-16639","page","type-page","status-publish","hentry"],"yoast_head":"<!-- This site is optimized with the Yoast SEO plugin v26.2 - https:\/\/yoast.com\/wordpress\/plugins\/seo\/ -->\n<title>Elmont - Politika privatnosti<\/title>\n<meta name=\"description\" content=\"Kompanija sa tradicijom dugom preko 25 godina, specijalizovana za projektovanje, izgradnju i odr\u017eavanje elektro i komunikacionih instalacija.\" \/>\n<meta name=\"robots\" content=\"index, follow, max-snippet:-1, max-image-preview:large, max-video-preview:-1\" \/>\n<link rel=\"canonical\" href=\"https:\/\/www.elmont.ba\/en\/politika-privatnosti\/\" \/>\n<meta property=\"og:locale\" content=\"en_US\" \/>\n<meta property=\"og:type\" content=\"article\" \/>\n<meta property=\"og:title\" content=\"Elmont - Politika privatnosti\" \/>\n<meta property=\"og:description\" content=\"Kompanija sa tradicijom dugom preko 25 godina, specijalizovana za projektovanje, izgradnju i odr\u017eavanje elektro i komunikacionih instalacija.\" \/>\n<meta property=\"og:url\" content=\"https:\/\/www.elmont.ba\/en\/politika-privatnosti\/\" \/>\n<meta property=\"og:site_name\" content=\"Elmont\" \/>\n<meta property=\"article:publisher\" content=\"https:\/\/www.facebook.com\/elmontdoo.elmont\/\" \/>\n<meta property=\"article:modified_time\" content=\"2025-10-11T19:07:06+00:00\" \/>\n<meta property=\"og:image\" content=\"https:\/\/www.elmont.ba\/wp-content\/uploads\/2025\/10\/Screenshot-2025-10-11-204711.jpg\" \/>\n\t<meta property=\"og:image:width\" content=\"1920\" \/>\n\t<meta property=\"og:image:height\" content=\"1046\" \/>\n\t<meta property=\"og:image:type\" content=\"image\/jpeg\" \/>\n<meta name=\"twitter:card\" content=\"summary_large_image\" \/>\n<meta name=\"twitter:label1\" content=\"Est. reading time\" \/>\n\t<meta name=\"twitter:data1\" content=\"1 minute\" \/>\n<script type=\"application\/ld+json\" class=\"yoast-schema-graph\">{\"@context\":\"https:\/\/schema.org\",\"@graph\":[{\"@type\":\"WebPage\",\"@id\":\"https:\/\/www.elmont.ba\/politika-privatnosti\/\",\"url\":\"https:\/\/www.elmont.ba\/politika-privatnosti\/\",\"name\":\"Elmont - Politika privatnosti\",\"isPartOf\":{\"@id\":\"https:\/\/www.elmont.ba\/#website\"},\"datePublished\":\"2025-04-10T12:25:12+00:00\",\"dateModified\":\"2025-10-11T19:07:06+00:00\",\"description\":\"Kompanija sa tradicijom dugom preko 25 godina, specijalizovana za projektovanje, izgradnju i odr\u017eavanje elektro i komunikacionih instalacija.\",\"breadcrumb\":{\"@id\":\"https:\/\/www.elmont.ba\/politika-privatnosti\/#breadcrumb\"},\"inLanguage\":\"en-US\",\"potentialAction\":[{\"@type\":\"ReadAction\",\"target\":[\"https:\/\/www.elmont.ba\/politika-privatnosti\/\"]}]},{\"@type\":\"BreadcrumbList\",\"@id\":\"https:\/\/www.elmont.ba\/politika-privatnosti\/#breadcrumb\",\"itemListElement\":[{\"@type\":\"ListItem\",\"position\":1,\"name\":\"Home\",\"item\":\"https:\/\/www.elmont.ba\/\"},{\"@type\":\"ListItem\",\"position\":2,\"name\":\"Politika privatnosti\"}]},{\"@type\":\"WebSite\",\"@id\":\"https:\/\/www.elmont.ba\/#website\",\"url\":\"https:\/\/www.elmont.ba\/\",\"name\":\"Elmont\",\"description\":\"Pouzdana elektro rje\u0161enja za svaki projekat\",\"publisher\":{\"@id\":\"https:\/\/www.elmont.ba\/#organization\"},\"potentialAction\":[{\"@type\":\"SearchAction\",\"target\":{\"@type\":\"EntryPoint\",\"urlTemplate\":\"https:\/\/www.elmont.ba\/?s={search_term_string}\"},\"query-input\":{\"@type\":\"PropertyValueSpecification\",\"valueRequired\":true,\"valueName\":\"search_term_string\"}}],\"inLanguage\":\"en-US\"},{\"@type\":\"Organization\",\"@id\":\"https:\/\/www.elmont.ba\/#organization\",\"name\":\"Elmont\",\"url\":\"https:\/\/www.elmont.ba\/\",\"logo\":{\"@type\":\"ImageObject\",\"inLanguage\":\"en-US\",\"@id\":\"https:\/\/www.elmont.ba\/#\/schema\/logo\/image\/\",\"url\":\"https:\/\/www.elmont.ba\/wp-content\/uploads\/2024\/10\/Asset-3.png\",\"contentUrl\":\"https:\/\/www.elmont.ba\/wp-content\/uploads\/2024\/10\/Asset-3.png\",\"width\":1013,\"height\":211,\"caption\":\"Elmont\"},\"image\":{\"@id\":\"https:\/\/www.elmont.ba\/#\/schema\/logo\/image\/\"},\"sameAs\":[\"https:\/\/www.facebook.com\/elmontdoo.elmont\/\"]}]}<\/script>\n<!-- \/ Yoast SEO plugin. -->","yoast_head_json":{"title":"Elmont - Politika privatnosti","description":"A company with a tradition of over 25 years, specialized in the design, construction and maintenance of electrical and communication installations.","robots":{"index":"index","follow":"follow","max-snippet":"max-snippet:-1","max-image-preview":"max-image-preview:large","max-video-preview":"max-video-preview:-1"},"canonical":"https:\/\/www.elmont.ba\/en\/politika-privatnosti\/","og_locale":"en_US","og_type":"article","og_title":"Elmont - Politika privatnosti","og_description":"Kompanija sa tradicijom dugom preko 25 godina, specijalizovana za projektovanje, izgradnju i odr\u017eavanje elektro i komunikacionih instalacija.","og_url":"https:\/\/www.elmont.ba\/en\/politika-privatnosti\/","og_site_name":"Elmont","article_publisher":"https:\/\/www.facebook.com\/elmontdoo.elmont\/","article_modified_time":"2025-10-11T19:07:06+00:00","og_image":[{"width":1920,"height":1046,"url":"https:\/\/www.elmont.ba\/wp-content\/uploads\/2025\/10\/Screenshot-2025-10-11-204711.jpg","type":"image\/jpeg"}],"twitter_card":"summary_large_image","twitter_misc":{"Est. reading time":"1 minute"},"schema":{"@context":"https:\/\/schema.org","@graph":[{"@type":"WebPage","@id":"https:\/\/www.elmont.ba\/politika-privatnosti\/","url":"https:\/\/www.elmont.ba\/politika-privatnosti\/","name":"Elmont - Politika privatnosti","isPartOf":{"@id":"https:\/\/www.elmont.ba\/#website"},"datePublished":"2025-04-10T12:25:12+00:00","dateModified":"2025-10-11T19:07:06+00:00","description":"A company with a tradition of over 25 years, specialized in the design, construction and maintenance of electrical and communication installations.","breadcrumb":{"@id":"https:\/\/www.elmont.ba\/politika-privatnosti\/#breadcrumb"},"inLanguage":"en-US","potentialAction":[{"@type":"ReadAction","target":["https:\/\/www.elmont.ba\/politika-privatnosti\/"]}]},{"@type":"BreadcrumbList","@id":"https:\/\/www.elmont.ba\/politika-privatnosti\/#breadcrumb","itemListElement":[{"@type":"ListItem","position":1,"name":"Home","item":"https:\/\/www.elmont.ba\/"},{"@type":"ListItem","position":2,"name":"Politika privatnosti"}]},{"@type":"WebSite","@id":"https:\/\/www.elmont.ba\/#website","url":"https:\/\/www.elmont.ba\/","name":"Elmont","description":"Pouzdana elektro rje\u0161enja za svaki projekat","publisher":{"@id":"https:\/\/www.elmont.ba\/#organization"},"potentialAction":[{"@type":"SearchAction","target":{"@type":"EntryPoint","urlTemplate":"https:\/\/www.elmont.ba\/?s={search_term_string}"},"query-input":{"@type":"PropertyValueSpecification","valueRequired":true,"valueName":"search_term_string"}}],"inLanguage":"en-US"},{"@type":"Organization","@id":"https:\/\/www.elmont.ba\/#organization","name":"Elmont","url":"https:\/\/www.elmont.ba\/","logo":{"@type":"ImageObject","inLanguage":"en-US","@id":"https:\/\/www.elmont.ba\/#\/schema\/logo\/image\/","url":"https:\/\/www.elmont.ba\/wp-content\/uploads\/2024\/10\/Asset-3.png","contentUrl":"https:\/\/www.elmont.ba\/wp-content\/uploads\/2024\/10\/Asset-3.png","width":1013,"height":211,"caption":"Elmont"},"image":{"@id":"https:\/\/www.elmont.ba\/#\/schema\/logo\/image\/"},"sameAs":["https:\/\/www.facebook.com\/elmontdoo.elmont\/"]}]}},"_links":{"self":[{"href":"https:\/\/www.elmont.ba\/en\/wp-json\/wp\/v2\/pages\/16639","targetHints":{"allow":["GET"]}}],"collection":[{"href":"https:\/\/www.elmont.ba\/en\/wp-json\/wp\/v2\/pages"}],"about":[{"href":"https:\/\/www.elmont.ba\/en\/wp-json\/wp\/v2\/types\/page"}],"author":[{"embeddable":true,"href":"https:\/\/www.elmont.ba\/en\/wp-json\/wp\/v2\/users\/1"}],"replies":[{"embeddable":true,"href":"https:\/\/www.elmont.ba\/en\/wp-json\/wp\/v2\/comments?post=16639"}],"version-history":[{"count":7,"href":"https:\/\/www.elmont.ba\/en\/wp-json\/wp\/v2\/pages\/16639\/revisions"}],"predecessor-version":[{"id":17447,"href":"https:\/\/www.elmont.ba\/en\/wp-json\/wp\/v2\/pages\/16639\/revisions\/17447"}],"wp:attachment":[{"href":"https:\/\/www.elmont.ba\/en\/wp-json\/wp\/v2\/media?parent=16639"}],"curies":[{"name":"wp","href":"https:\/\/api.w.org\/{rel}","templated":true}]}}