{"id":16641,"date":"2025-04-10T12:26:02","date_gmt":"2025-04-10T12:26:02","guid":{"rendered":"https:\/\/www.elmont.ba\/?page_id=16641"},"modified":"2025-10-11T19:07:01","modified_gmt":"2025-10-11T19:07:01","slug":"uslovi-koristenja","status":"publish","type":"page","link":"https:\/\/www.elmont.ba\/en\/uslovi-koristenja\/","title":{"rendered":"Terms of use"},"content":{"rendered":"<div data-elementor-type=\"wp-page\" data-elementor-id=\"16641\" class=\"elementor elementor-16641\">\n\t\t\t\t        <section class=\"elementor-section elementor-top-section elementor-element elementor-element-3d32b01 elementor-section-boxed elementor-section-height-default elementor-section-height-default pxl-row-scroll-none pxl-zoom-point-false pxl-section-overflow-visible pxl-section-fix-none pxl-bg-color-none pxl-section-overlay-none\" data-id=\"3d32b01\" data-element_type=\"section\">\n\n                \n                <div class=\"elementor-container elementor-column-gap-default\">\n                <div class=\"elementor-column elementor-col-100 elementor-top-column elementor-element elementor-element-49e114b pxl-column-none pxl-column-overflow-hidden-no\" data-id=\"49e114b\" data-element_type=\"column\">\r\n        <div class=\"elementor-widget-wrap elementor-element-populated\">\r\n                     \r\n        \t\t<div class=\"elementor-element elementor-element-9b8ccfd elementor-widget elementor-widget-pxl_text_editor\" data-id=\"9b8ccfd\" data-element_type=\"widget\" data-widget_type=\"pxl_text_editor.default\">\n\t\t\t\t<div class=\"elementor-widget-container\">\n\t\t\t\t\t<div class=\"pxl-text-editor\">\n\t<div class=\"pxl-item--inner\" data-wow-delay=\"ms\">\n\t\t<p><b>Terms of use<\/b><\/p><p><span style=\"font-weight: 400\">Welcome to the official website of Elmont d.o.o. By using this site, you agree to the following terms of use. Please read the text below carefully before using the site.<\/span><\/p><ol><li><b> Site content<\/b><\/li><\/ol><p><span style=\"font-weight: 400\">The content of this website is for informational purposes only. Elmont d.o.o. reserves the right to modify or remove any part of the content at any time without prior notice.<\/span><\/p><ol start=\"2\"><li><b> Copyright<\/b><\/li><\/ol><p><span style=\"font-weight: 400\">All content, including texts, images, logos and other materials, is the property of Elmont d.o.o., except where otherwise indicated. Copying, distribution or any other use of the content is prohibited without express written permission.<\/span><\/p><ol start=\"3\"><li><b> Disclaimer<\/b><\/li><\/ol><p><span style=\"font-weight: 400\">Elmont d.o.o. does not guarantee that all information on this website is complete, accurate, or up to date at all times. By using this website, you agree to do so at your own risk. We are not responsible for any direct or indirect damages resulting from the use of information from this site.<\/span><\/p><ol start=\"4\"><li><b> Links to third parties<\/b><\/li><\/ol><p><span style=\"font-weight: 400\">This website may contain links to other websites. Elmont d.o.o. does not control the content of those websites and is not responsible for their privacy policies, accuracy of content, or security.<\/span><\/p><ol start=\"5\"><li><b> Data protection<\/b><\/li><\/ol><p><span style=\"font-weight: 400\">Using this website implies acceptance of our Privacy Policy. For more information, please refer to the \u201cPrivacy Policy\u201d section.<\/span><\/p><ol start=\"6\"><li><b> Changes to terms of use<\/b><\/li><\/ol><p><span style=\"font-weight: 400\">Elmont d.o.o. reserves the right to modify these Terms of Use at any time. Changes take effect upon publication on this page. We recommend reviewing this document periodically.<\/span><\/p>\t\t\n\t<\/div>\n<\/div>\t\t\t\t<\/div>\n\t\t\t\t<\/div>\n\t\t            <\/div>\r\n        <\/div>\r\n        \t\t\t<\/div>\n\t\t<\/section>\n\t\t\t\t<\/div>","protected":false},"excerpt":{"rendered":"<p>Uslovi kori\u0161tenja Dobrodo\u0161li na zvani\u010dnu web stranicu Elmont d.o.o. Kori\u0161tenjem ove stranice pristajete na sljede\u0107e uslove kori\u0161tenja. Molimo vas da pa\u017eljivo pro\u010ditate tekst ispod prije kori\u0161tenja sajta. Sadr\u017eaj sajta Sadr\u017eaj ove web stranice slu\u017ei isklju\u010divo u informativne svrhe. Elmont d.o.o. zadr\u017eava pravo da u bilo kojem trenutku izmijeni ili ukloni bilo koji dio sadr\u017eaja bez [&hellip;]<\/p>","protected":false},"author":1,"featured_media":0,"parent":0,"menu_order":0,"comment_status":"closed","ping_status":"closed","template":"","meta":{"footnotes":""},"class_list":["post-16641","page","type-page","status-publish","hentry"],"yoast_head":"<!-- This site is optimized with the Yoast SEO plugin v26.2 - https:\/\/yoast.com\/wordpress\/plugins\/seo\/ -->\n<title>Elmont - Uslovi kori\u0161tenja<\/title>\n<meta name=\"description\" content=\"Kompanija sa tradicijom dugom preko 25 godina, specijalizovana za projektovanje, izgradnju i odr\u017eavanje elektro i komunikacionih instalacija.\" \/>\n<meta name=\"robots\" content=\"index, follow, max-snippet:-1, max-image-preview:large, max-video-preview:-1\" \/>\n<link rel=\"canonical\" href=\"https:\/\/www.elmont.ba\/en\/uslovi-koristenja\/\" \/>\n<meta property=\"og:locale\" content=\"en_US\" \/>\n<meta property=\"og:type\" content=\"article\" \/>\n<meta property=\"og:title\" content=\"Elmont - Uslovi kori\u0161tenja\" \/>\n<meta property=\"og:description\" content=\"Kompanija sa tradicijom dugom preko 25 godina, specijalizovana za projektovanje, izgradnju i odr\u017eavanje elektro i komunikacionih instalacija.\" \/>\n<meta property=\"og:url\" content=\"https:\/\/www.elmont.ba\/en\/uslovi-koristenja\/\" \/>\n<meta property=\"og:site_name\" content=\"Elmont\" \/>\n<meta property=\"article:publisher\" content=\"https:\/\/www.facebook.com\/elmontdoo.elmont\/\" \/>\n<meta property=\"article:modified_time\" content=\"2025-10-11T19:07:01+00:00\" \/>\n<meta property=\"og:image\" content=\"https:\/\/www.elmont.ba\/wp-content\/uploads\/2025\/10\/Screenshot-2025-10-11-204711.jpg\" \/>\n\t<meta property=\"og:image:width\" content=\"1920\" \/>\n\t<meta property=\"og:image:height\" content=\"1046\" \/>\n\t<meta property=\"og:image:type\" content=\"image\/jpeg\" \/>\n<meta name=\"twitter:card\" content=\"summary_large_image\" \/>\n<meta name=\"twitter:label1\" content=\"Est. reading time\" \/>\n\t<meta name=\"twitter:data1\" content=\"1 minute\" \/>\n<script type=\"application\/ld+json\" class=\"yoast-schema-graph\">{\"@context\":\"https:\/\/schema.org\",\"@graph\":[{\"@type\":\"WebPage\",\"@id\":\"https:\/\/www.elmont.ba\/uslovi-koristenja\/\",\"url\":\"https:\/\/www.elmont.ba\/uslovi-koristenja\/\",\"name\":\"Elmont - Uslovi kori\u0161tenja\",\"isPartOf\":{\"@id\":\"https:\/\/www.elmont.ba\/#website\"},\"datePublished\":\"2025-04-10T12:26:02+00:00\",\"dateModified\":\"2025-10-11T19:07:01+00:00\",\"description\":\"Kompanija sa tradicijom dugom preko 25 godina, specijalizovana za projektovanje, izgradnju i odr\u017eavanje elektro i komunikacionih instalacija.\",\"breadcrumb\":{\"@id\":\"https:\/\/www.elmont.ba\/uslovi-koristenja\/#breadcrumb\"},\"inLanguage\":\"en-US\",\"potentialAction\":[{\"@type\":\"ReadAction\",\"target\":[\"https:\/\/www.elmont.ba\/uslovi-koristenja\/\"]}]},{\"@type\":\"BreadcrumbList\",\"@id\":\"https:\/\/www.elmont.ba\/uslovi-koristenja\/#breadcrumb\",\"itemListElement\":[{\"@type\":\"ListItem\",\"position\":1,\"name\":\"Home\",\"item\":\"https:\/\/www.elmont.ba\/\"},{\"@type\":\"ListItem\",\"position\":2,\"name\":\"Uslovi kori\u0161tenja\"}]},{\"@type\":\"WebSite\",\"@id\":\"https:\/\/www.elmont.ba\/#website\",\"url\":\"https:\/\/www.elmont.ba\/\",\"name\":\"Elmont\",\"description\":\"Pouzdana elektro rje\u0161enja za svaki projekat\",\"publisher\":{\"@id\":\"https:\/\/www.elmont.ba\/#organization\"},\"potentialAction\":[{\"@type\":\"SearchAction\",\"target\":{\"@type\":\"EntryPoint\",\"urlTemplate\":\"https:\/\/www.elmont.ba\/?s={search_term_string}\"},\"query-input\":{\"@type\":\"PropertyValueSpecification\",\"valueRequired\":true,\"valueName\":\"search_term_string\"}}],\"inLanguage\":\"en-US\"},{\"@type\":\"Organization\",\"@id\":\"https:\/\/www.elmont.ba\/#organization\",\"name\":\"Elmont\",\"url\":\"https:\/\/www.elmont.ba\/\",\"logo\":{\"@type\":\"ImageObject\",\"inLanguage\":\"en-US\",\"@id\":\"https:\/\/www.elmont.ba\/#\/schema\/logo\/image\/\",\"url\":\"https:\/\/www.elmont.ba\/wp-content\/uploads\/2024\/10\/Asset-3.png\",\"contentUrl\":\"https:\/\/www.elmont.ba\/wp-content\/uploads\/2024\/10\/Asset-3.png\",\"width\":1013,\"height\":211,\"caption\":\"Elmont\"},\"image\":{\"@id\":\"https:\/\/www.elmont.ba\/#\/schema\/logo\/image\/\"},\"sameAs\":[\"https:\/\/www.facebook.com\/elmontdoo.elmont\/\"]}]}<\/script>\n<!-- \/ Yoast SEO plugin. -->","yoast_head_json":{"title":"Elmont - Uslovi kori\u0161tenja","description":"A company with a tradition of over 25 years, specialized in the design, construction and maintenance of electrical and communication installations.","robots":{"index":"index","follow":"follow","max-snippet":"max-snippet:-1","max-image-preview":"max-image-preview:large","max-video-preview":"max-video-preview:-1"},"canonical":"https:\/\/www.elmont.ba\/en\/uslovi-koristenja\/","og_locale":"en_US","og_type":"article","og_title":"Elmont - Uslovi kori\u0161tenja","og_description":"Kompanija sa tradicijom dugom preko 25 godina, specijalizovana za projektovanje, izgradnju i odr\u017eavanje elektro i komunikacionih instalacija.","og_url":"https:\/\/www.elmont.ba\/en\/uslovi-koristenja\/","og_site_name":"Elmont","article_publisher":"https:\/\/www.facebook.com\/elmontdoo.elmont\/","article_modified_time":"2025-10-11T19:07:01+00:00","og_image":[{"width":1920,"height":1046,"url":"https:\/\/www.elmont.ba\/wp-content\/uploads\/2025\/10\/Screenshot-2025-10-11-204711.jpg","type":"image\/jpeg"}],"twitter_card":"summary_large_image","twitter_misc":{"Est. reading time":"1 minute"},"schema":{"@context":"https:\/\/schema.org","@graph":[{"@type":"WebPage","@id":"https:\/\/www.elmont.ba\/uslovi-koristenja\/","url":"https:\/\/www.elmont.ba\/uslovi-koristenja\/","name":"Elmont - Uslovi kori\u0161tenja","isPartOf":{"@id":"https:\/\/www.elmont.ba\/#website"},"datePublished":"2025-04-10T12:26:02+00:00","dateModified":"2025-10-11T19:07:01+00:00","description":"A company with a tradition of over 25 years, specialized in the design, construction and maintenance of electrical and communication installations.","breadcrumb":{"@id":"https:\/\/www.elmont.ba\/uslovi-koristenja\/#breadcrumb"},"inLanguage":"en-US","potentialAction":[{"@type":"ReadAction","target":["https:\/\/www.elmont.ba\/uslovi-koristenja\/"]}]},{"@type":"BreadcrumbList","@id":"https:\/\/www.elmont.ba\/uslovi-koristenja\/#breadcrumb","itemListElement":[{"@type":"ListItem","position":1,"name":"Home","item":"https:\/\/www.elmont.ba\/"},{"@type":"ListItem","position":2,"name":"Uslovi kori\u0161tenja"}]},{"@type":"WebSite","@id":"https:\/\/www.elmont.ba\/#website","url":"https:\/\/www.elmont.ba\/","name":"Elmont","description":"Pouzdana elektro rje\u0161enja za svaki projekat","publisher":{"@id":"https:\/\/www.elmont.ba\/#organization"},"potentialAction":[{"@type":"SearchAction","target":{"@type":"EntryPoint","urlTemplate":"https:\/\/www.elmont.ba\/?s={search_term_string}"},"query-input":{"@type":"PropertyValueSpecification","valueRequired":true,"valueName":"search_term_string"}}],"inLanguage":"en-US"},{"@type":"Organization","@id":"https:\/\/www.elmont.ba\/#organization","name":"Elmont","url":"https:\/\/www.elmont.ba\/","logo":{"@type":"ImageObject","inLanguage":"en-US","@id":"https:\/\/www.elmont.ba\/#\/schema\/logo\/image\/","url":"https:\/\/www.elmont.ba\/wp-content\/uploads\/2024\/10\/Asset-3.png","contentUrl":"https:\/\/www.elmont.ba\/wp-content\/uploads\/2024\/10\/Asset-3.png","width":1013,"height":211,"caption":"Elmont"},"image":{"@id":"https:\/\/www.elmont.ba\/#\/schema\/logo\/image\/"},"sameAs":["https:\/\/www.facebook.com\/elmontdoo.elmont\/"]}]}},"_links":{"self":[{"href":"https:\/\/www.elmont.ba\/en\/wp-json\/wp\/v2\/pages\/16641","targetHints":{"allow":["GET"]}}],"collection":[{"href":"https:\/\/www.elmont.ba\/en\/wp-json\/wp\/v2\/pages"}],"about":[{"href":"https:\/\/www.elmont.ba\/en\/wp-json\/wp\/v2\/types\/page"}],"author":[{"embeddable":true,"href":"https:\/\/www.elmont.ba\/en\/wp-json\/wp\/v2\/users\/1"}],"replies":[{"embeddable":true,"href":"https:\/\/www.elmont.ba\/en\/wp-json\/wp\/v2\/comments?post=16641"}],"version-history":[{"count":7,"href":"https:\/\/www.elmont.ba\/en\/wp-json\/wp\/v2\/pages\/16641\/revisions"}],"predecessor-version":[{"id":17450,"href":"https:\/\/www.elmont.ba\/en\/wp-json\/wp\/v2\/pages\/16641\/revisions\/17450"}],"wp:attachment":[{"href":"https:\/\/www.elmont.ba\/en\/wp-json\/wp\/v2\/media?parent=16641"}],"curies":[{"name":"wp","href":"https:\/\/api.w.org\/{rel}","templated":true}]}}